{"id":3919,"date":"2013-05-15T15:12:05","date_gmt":"2013-05-15T13:12:05","guid":{"rendered":"http:\/\/beta.unitedthemes.com\/nevada\/?page_id=2485"},"modified":"2022-05-31T13:18:25","modified_gmt":"2022-05-31T11:18:25","slug":"cours-pilates-feldenkrais-yoga-vincennes","status":"publish","type":"page","link":"https:\/\/www.freecorpus.fr\/pilates-gym-posturale\/cours-pilates-feldenkrais-yoga-vincennes\/","title":{"rendered":"Les m\u00e9thodes enseign\u00e9es"},"content":{"rendered":"<p><a href=\"\/pilates-gym-posturale\/sinscrire-a-free-corpus\/#coursessai\" target=\"_blank\" rel=\"noopener\">&gt;R\u00e9server un cours d&rsquo;essai<\/a><\/p>\n","protected":false},"excerpt":{"rendered":"<p>&gt;R\u00e9server un cours d&rsquo;essai<\/p>\n","protected":false},"author":13,"featured_media":0,"parent":0,"menu_order":0,"comment_status":"closed","ping_status":"closed","template":"template-service.php","meta":{"_acf_changed":false,"footnotes":""},"class_list":["post-3919","page","type-page","status-publish","hentry"],"acf":[],"yoast_head":"<!-- This site is optimized with the Yoast SEO plugin v27.2 - https:\/\/yoast.com\/product\/yoast-seo-wordpress\/ -->\n<title>Les m\u00e9thodes enseign\u00e9es - Pilates et Yoga \u00e0 Vincennes<\/title>\n<meta name=\"robots\" content=\"index, follow, max-snippet:-1, max-image-preview:large, max-video-preview:-1\" \/>\n<link rel=\"canonical\" href=\"https:\/\/www.freecorpus.fr\/pilates-gym-posturale\/cours-pilates-feldenkrais-yoga-vincennes\/\" \/>\n<meta property=\"og:locale\" content=\"fr_FR\" \/>\n<meta property=\"og:type\" content=\"article\" \/>\n<meta property=\"og:title\" content=\"Les m\u00e9thodes enseign\u00e9es - Pilates et Yoga \u00e0 Vincennes\" \/>\n<meta property=\"og:description\" content=\"&gt;R\u00e9server un cours d&rsquo;essai\" \/>\n<meta property=\"og:url\" content=\"https:\/\/www.freecorpus.fr\/pilates-gym-posturale\/cours-pilates-feldenkrais-yoga-vincennes\/\" \/>\n<meta property=\"og:site_name\" content=\"Pilates et Yoga \u00e0 Vincennes\" \/>\n<meta property=\"article:modified_time\" content=\"2022-05-31T11:18:25+00:00\" \/>\n<meta name=\"twitter:card\" content=\"summary_large_image\" \/>\n<script type=\"application\/ld+json\" class=\"yoast-schema-graph\">{\"@context\":\"https:\/\/schema.org\",\"@graph\":[{\"@type\":\"WebPage\",\"@id\":\"https:\/\/www.freecorpus.fr\/pilates-gym-posturale\/cours-pilates-feldenkrais-yoga-vincennes\/\",\"url\":\"https:\/\/www.freecorpus.fr\/pilates-gym-posturale\/cours-pilates-feldenkrais-yoga-vincennes\/\",\"name\":\"Les m\u00e9thodes enseign\u00e9es - Pilates et Yoga \u00e0 Vincennes\",\"isPartOf\":{\"@id\":\"https:\/\/www.freecorpus.fr\/pilates-gym-posturale\/#website\"},\"datePublished\":\"2013-05-15T13:12:05+00:00\",\"dateModified\":\"2022-05-31T11:18:25+00:00\",\"breadcrumb\":{\"@id\":\"https:\/\/www.freecorpus.fr\/pilates-gym-posturale\/cours-pilates-feldenkrais-yoga-vincennes\/#breadcrumb\"},\"inLanguage\":\"fr-FR\",\"potentialAction\":[{\"@type\":\"ReadAction\",\"target\":[\"https:\/\/www.freecorpus.fr\/pilates-gym-posturale\/cours-pilates-feldenkrais-yoga-vincennes\/\"]}]},{\"@type\":\"BreadcrumbList\",\"@id\":\"https:\/\/www.freecorpus.fr\/pilates-gym-posturale\/cours-pilates-feldenkrais-yoga-vincennes\/#breadcrumb\",\"itemListElement\":[{\"@type\":\"ListItem\",\"position\":1,\"name\":\"Accueil\",\"item\":\"https:\/\/www.freecorpus.fr\/pilates-gym-posturale\/\"},{\"@type\":\"ListItem\",\"position\":2,\"name\":\"Les m\u00e9thodes enseign\u00e9es\"}]},{\"@type\":\"WebSite\",\"@id\":\"https:\/\/www.freecorpus.fr\/pilates-gym-posturale\/#website\",\"url\":\"https:\/\/www.freecorpus.fr\/pilates-gym-posturale\/\",\"name\":\"Pilates et Yoga \u00e0 Vincennes\",\"description\":\"FreeCorpus Sur la voie du corps - Albane Dantras\",\"publisher\":{\"@id\":\"https:\/\/www.freecorpus.fr\/pilates-gym-posturale\/#organization\"},\"potentialAction\":[{\"@type\":\"SearchAction\",\"target\":{\"@type\":\"EntryPoint\",\"urlTemplate\":\"https:\/\/www.freecorpus.fr\/pilates-gym-posturale\/?s={search_term_string}\"},\"query-input\":{\"@type\":\"PropertyValueSpecification\",\"valueRequired\":true,\"valueName\":\"search_term_string\"}}],\"inLanguage\":\"fr-FR\"},{\"@type\":\"Organization\",\"@id\":\"https:\/\/www.freecorpus.fr\/pilates-gym-posturale\/#organization\",\"name\":\"Pilates et Yoga \u00e0 Vincennes\",\"url\":\"https:\/\/www.freecorpus.fr\/pilates-gym-posturale\/\",\"logo\":{\"@type\":\"ImageObject\",\"inLanguage\":\"fr-FR\",\"@id\":\"https:\/\/www.freecorpus.fr\/pilates-gym-posturale\/#\/schema\/logo\/image\/\",\"url\":\"https:\/\/www.freecorpus.fr\/pilates-gym-posturale\/wp-content\/uploads\/2022\/10\/LOGO_FREECORPUS-2022_06-1-removebg-preview.png\",\"contentUrl\":\"https:\/\/www.freecorpus.fr\/pilates-gym-posturale\/wp-content\/uploads\/2022\/10\/LOGO_FREECORPUS-2022_06-1-removebg-preview.png\",\"width\":249,\"height\":80,\"caption\":\"Pilates et Yoga \u00e0 Vincennes\"},\"image\":{\"@id\":\"https:\/\/www.freecorpus.fr\/pilates-gym-posturale\/#\/schema\/logo\/image\/\"}}]}<\/script>\n<!-- \/ Yoast SEO plugin. -->","yoast_head_json":{"title":"Les m\u00e9thodes enseign\u00e9es - Pilates et Yoga \u00e0 Vincennes","robots":{"index":"index","follow":"follow","max-snippet":"max-snippet:-1","max-image-preview":"max-image-preview:large","max-video-preview":"max-video-preview:-1"},"canonical":"https:\/\/www.freecorpus.fr\/pilates-gym-posturale\/cours-pilates-feldenkrais-yoga-vincennes\/","og_locale":"fr_FR","og_type":"article","og_title":"Les m\u00e9thodes enseign\u00e9es - Pilates et Yoga \u00e0 Vincennes","og_description":"&gt;R\u00e9server un cours d&rsquo;essai","og_url":"https:\/\/www.freecorpus.fr\/pilates-gym-posturale\/cours-pilates-feldenkrais-yoga-vincennes\/","og_site_name":"Pilates et Yoga \u00e0 Vincennes","article_modified_time":"2022-05-31T11:18:25+00:00","twitter_card":"summary_large_image","schema":{"@context":"https:\/\/schema.org","@graph":[{"@type":"WebPage","@id":"https:\/\/www.freecorpus.fr\/pilates-gym-posturale\/cours-pilates-feldenkrais-yoga-vincennes\/","url":"https:\/\/www.freecorpus.fr\/pilates-gym-posturale\/cours-pilates-feldenkrais-yoga-vincennes\/","name":"Les m\u00e9thodes enseign\u00e9es - Pilates et Yoga \u00e0 Vincennes","isPartOf":{"@id":"https:\/\/www.freecorpus.fr\/pilates-gym-posturale\/#website"},"datePublished":"2013-05-15T13:12:05+00:00","dateModified":"2022-05-31T11:18:25+00:00","breadcrumb":{"@id":"https:\/\/www.freecorpus.fr\/pilates-gym-posturale\/cours-pilates-feldenkrais-yoga-vincennes\/#breadcrumb"},"inLanguage":"fr-FR","potentialAction":[{"@type":"ReadAction","target":["https:\/\/www.freecorpus.fr\/pilates-gym-posturale\/cours-pilates-feldenkrais-yoga-vincennes\/"]}]},{"@type":"BreadcrumbList","@id":"https:\/\/www.freecorpus.fr\/pilates-gym-posturale\/cours-pilates-feldenkrais-yoga-vincennes\/#breadcrumb","itemListElement":[{"@type":"ListItem","position":1,"name":"Accueil","item":"https:\/\/www.freecorpus.fr\/pilates-gym-posturale\/"},{"@type":"ListItem","position":2,"name":"Les m\u00e9thodes enseign\u00e9es"}]},{"@type":"WebSite","@id":"https:\/\/www.freecorpus.fr\/pilates-gym-posturale\/#website","url":"https:\/\/www.freecorpus.fr\/pilates-gym-posturale\/","name":"Pilates et Yoga \u00e0 Vincennes","description":"FreeCorpus Sur la voie du corps - Albane Dantras","publisher":{"@id":"https:\/\/www.freecorpus.fr\/pilates-gym-posturale\/#organization"},"potentialAction":[{"@type":"SearchAction","target":{"@type":"EntryPoint","urlTemplate":"https:\/\/www.freecorpus.fr\/pilates-gym-posturale\/?s={search_term_string}"},"query-input":{"@type":"PropertyValueSpecification","valueRequired":true,"valueName":"search_term_string"}}],"inLanguage":"fr-FR"},{"@type":"Organization","@id":"https:\/\/www.freecorpus.fr\/pilates-gym-posturale\/#organization","name":"Pilates et Yoga \u00e0 Vincennes","url":"https:\/\/www.freecorpus.fr\/pilates-gym-posturale\/","logo":{"@type":"ImageObject","inLanguage":"fr-FR","@id":"https:\/\/www.freecorpus.fr\/pilates-gym-posturale\/#\/schema\/logo\/image\/","url":"https:\/\/www.freecorpus.fr\/pilates-gym-posturale\/wp-content\/uploads\/2022\/10\/LOGO_FREECORPUS-2022_06-1-removebg-preview.png","contentUrl":"https:\/\/www.freecorpus.fr\/pilates-gym-posturale\/wp-content\/uploads\/2022\/10\/LOGO_FREECORPUS-2022_06-1-removebg-preview.png","width":249,"height":80,"caption":"Pilates et Yoga \u00e0 Vincennes"},"image":{"@id":"https:\/\/www.freecorpus.fr\/pilates-gym-posturale\/#\/schema\/logo\/image\/"}}]}},"_links":{"self":[{"href":"https:\/\/www.freecorpus.fr\/pilates-gym-posturale\/wp-json\/wp\/v2\/pages\/3919","targetHints":{"allow":["GET"]}}],"collection":[{"href":"https:\/\/www.freecorpus.fr\/pilates-gym-posturale\/wp-json\/wp\/v2\/pages"}],"about":[{"href":"https:\/\/www.freecorpus.fr\/pilates-gym-posturale\/wp-json\/wp\/v2\/types\/page"}],"author":[{"embeddable":true,"href":"https:\/\/www.freecorpus.fr\/pilates-gym-posturale\/wp-json\/wp\/v2\/users\/13"}],"replies":[{"embeddable":true,"href":"https:\/\/www.freecorpus.fr\/pilates-gym-posturale\/wp-json\/wp\/v2\/comments?post=3919"}],"version-history":[{"count":11,"href":"https:\/\/www.freecorpus.fr\/pilates-gym-posturale\/wp-json\/wp\/v2\/pages\/3919\/revisions"}],"predecessor-version":[{"id":4095,"href":"https:\/\/www.freecorpus.fr\/pilates-gym-posturale\/wp-json\/wp\/v2\/pages\/3919\/revisions\/4095"}],"wp:attachment":[{"href":"https:\/\/www.freecorpus.fr\/pilates-gym-posturale\/wp-json\/wp\/v2\/media?parent=3919"}],"curies":[{"name":"wp","href":"https:\/\/api.w.org\/{rel}","templated":true}]}}