{"id":12770,"date":"2022-10-12T10:15:53","date_gmt":"2022-10-12T08:15:53","guid":{"rendered":"https:\/\/www.freecorpus.fr\/pilates-gym-posturale\/stages-professionnels\/"},"modified":"2022-10-12T16:49:32","modified_gmt":"2022-10-12T14:49:32","slug":"stages-professionnels","status":"publish","type":"page","link":"https:\/\/www.freecorpus.fr\/pilates-gym-posturale\/stages-professionnels\/","title":{"rendered":"Stages professionnels"},"content":{"rendered":"\t\t<div data-elementor-type=\"wp-page\" data-elementor-id=\"12770\" class=\"elementor elementor-12770\" data-elementor-post-type=\"page\">\n\t\t\t\t\t\t<section class=\"elementor-section elementor-top-section elementor-element elementor-element-2206110 animated-slow elementor-section-boxed elementor-section-height-default elementor-section-height-default elementor-invisible\" data-id=\"2206110\" data-element_type=\"section\" data-e-type=\"section\" data-settings=\"{&quot;animation&quot;:&quot;fadeInLeft&quot;}\">\n\t\t\t\t\t\t<div class=\"elementor-container elementor-column-gap-default\">\n\t\t\t\t\t<div class=\"elementor-column elementor-col-100 elementor-top-column elementor-element elementor-element-e6768e2\" data-id=\"e6768e2\" data-element_type=\"column\" data-e-type=\"column\">\n\t\t\t<div class=\"elementor-widget-wrap elementor-element-populated\">\n\t\t\t\t\t\t<div class=\"elementor-element elementor-element-e85e745 elementor-widget elementor-widget-spacer\" data-id=\"e85e745\" data-element_type=\"widget\" data-e-type=\"widget\" data-widget_type=\"spacer.default\">\n\t\t\t\t<div class=\"elementor-widget-container\">\n\t\t\t\t\t\t\t<div class=\"elementor-spacer\">\n\t\t\t<div class=\"elementor-spacer-inner\"><\/div>\n\t\t<\/div>\n\t\t\t\t\t\t<\/div>\n\t\t\t\t<\/div>\n\t\t\t\t<div class=\"elementor-element elementor-element-e37acbd elementor-widget elementor-widget-heading\" data-id=\"e37acbd\" data-element_type=\"widget\" data-e-type=\"widget\" data-widget_type=\"heading.default\">\n\t\t\t\t<div class=\"elementor-widget-container\">\n\t\t\t\t\t<h1 class=\"elementor-heading-title elementor-size-default\">Stages sp\u00e9cialis\u00e9es pour les professionnel\u00b7le\u00b7s<\/h1>\t\t\t\t<\/div>\n\t\t\t\t<\/div>\n\t\t\t\t<div class=\"elementor-element elementor-element-51d056b elementor-widget-divider--view-line elementor-widget elementor-widget-divider\" data-id=\"51d056b\" data-element_type=\"widget\" data-e-type=\"widget\" data-widget_type=\"divider.default\">\n\t\t\t\t<div class=\"elementor-widget-container\">\n\t\t\t\t\t\t\t<div class=\"elementor-divider\">\n\t\t\t<span class=\"elementor-divider-separator\">\n\t\t\t\t\t\t<\/span>\n\t\t<\/div>\n\t\t\t\t\t\t<\/div>\n\t\t\t\t<\/div>\n\t\t\t\t\t<\/div>\n\t\t<\/div>\n\t\t\t\t\t<\/div>\n\t\t<\/section>\n\t\t\t\t<section class=\"elementor-section elementor-top-section elementor-element elementor-element-66fa4f5a animated-slow elementor-section-boxed elementor-section-height-default elementor-section-height-default elementor-invisible\" data-id=\"66fa4f5a\" data-element_type=\"section\" data-e-type=\"section\" data-settings=\"{&quot;animation&quot;:&quot;fadeInLeft&quot;,&quot;animation_delay&quot;:200}\">\n\t\t\t\t\t\t<div class=\"elementor-container elementor-column-gap-default\">\n\t\t\t\t\t<div class=\"elementor-column elementor-col-100 elementor-top-column elementor-element elementor-element-7bc24857\" data-id=\"7bc24857\" data-element_type=\"column\" data-e-type=\"column\">\n\t\t\t<div class=\"elementor-widget-wrap elementor-element-populated\">\n\t\t\t\t\t\t<div class=\"elementor-element elementor-element-1b16326f elementor-widget elementor-widget-heading\" data-id=\"1b16326f\" data-element_type=\"widget\" data-e-type=\"widget\" data-widget_type=\"heading.default\">\n\t\t\t\t<div class=\"elementor-widget-container\">\n\t\t\t\t\t<h2 class=\"elementor-heading-title elementor-size-default\">Stages de Mat Pilates sp\u00e9cialis\u00e9s<\/h2>\t\t\t\t<\/div>\n\t\t\t\t<\/div>\n\t\t\t\t<div class=\"elementor-element elementor-element-29489049 elementor-widget elementor-widget-text-editor\" data-id=\"29489049\" data-element_type=\"widget\" data-e-type=\"widget\" data-widget_type=\"text-editor.default\">\n\t\t\t\t<div class=\"elementor-widget-container\">\n\t\t\t\t\t\t\t\t\t<ol><li><strong>Termes techniques des exercices du Pilates<\/strong>\u00a0(rolling like a ball, teaser etc..) avec explications m\u00e9caniques des mouvements et clefs p\u00e9dagogiques pour les professeurs \u00e0 destination des \u00e9l\u00e8ves. Plans de constructions de cours niveau 1,2 et 3<\/li><li><strong>Comment utiliser le mat\u00e9riel dans les cours de Mat Pilates<\/strong>:\u00a0toning balls, ballon de gymnastique ou swiss ball,\u00a0circle, roller, coussin gonflable, balles lest\u00e9es, \u00e9lastiband, rotator disc.<\/li><\/ol>\t\t\t\t\t\t\t\t<\/div>\n\t\t\t\t<\/div>\n\t\t\t\t<div class=\"elementor-element elementor-element-a760f6f elementor-widget elementor-widget-heading\" data-id=\"a760f6f\" data-element_type=\"widget\" data-e-type=\"widget\" data-widget_type=\"heading.default\">\n\t\t\t\t<div class=\"elementor-widget-container\">\n\t\t\t\t\t<h2 class=\"elementor-heading-title elementor-size-default\">Vous \u00eates un organisme, et vous souhaitez que nous nous d\u00e9placions dans votre structure ? <\/h2>\t\t\t\t<\/div>\n\t\t\t\t<\/div>\n\t\t\t\t<div class=\"elementor-element elementor-element-673debae elementor-widget elementor-widget-text-editor\" data-id=\"673debae\" data-element_type=\"widget\" data-e-type=\"widget\" data-widget_type=\"text-editor.default\">\n\t\t\t\t<div class=\"elementor-widget-container\">\n\t\t\t\t\t\t\t\t\t<p>Contactez-nous<a title=\"Contact\" href=\"https:\/\/www.freecorpus.fr\/pilates-gym-posturale\/contact\/\">\u00a0ici\u00a0<\/a>pour que nous \u00e9valuions ensemble vos attentes, et vous proposions le programme adapt\u00e9 et un devis.<\/p>\t\t\t\t\t\t\t\t<\/div>\n\t\t\t\t<\/div>\n\t\t\t\t<div class=\"elementor-element elementor-element-6287c9f7 elementor-widget elementor-widget-heading\" data-id=\"6287c9f7\" data-element_type=\"widget\" data-e-type=\"widget\" data-widget_type=\"heading.default\">\n\t\t\t\t<div class=\"elementor-widget-container\">\n\t\t\t\t\t<h2 class=\"elementor-heading-title elementor-size-default\">Journ\u00e9es portes ouvertes aux sp\u00e9cialistes de la sant\u00e9 <\/h2>\t\t\t\t<\/div>\n\t\t\t\t<\/div>\n\t\t\t\t<div class=\"elementor-element elementor-element-69ade8c elementor-widget elementor-widget-text-editor\" data-id=\"69ade8c\" data-element_type=\"widget\" data-e-type=\"widget\" data-widget_type=\"text-editor.default\">\n\t\t\t\t<div class=\"elementor-widget-container\">\n\t\t\t\t\t\t\t\t\t<p>Free Corpus organise des journ\u00e9es d\u2019information qui permettent de d\u00e9couvrir \u00e0 travers des mini-ateliers les diverses disciplines enseign\u00e9es.\u00a0<a href=\"https:\/\/www.freecorpus.fr\/pilates-gym-posturale\/2017\/08\/journee-portes-ouvertes-aux-specialistes-de-la-sante\/\">&gt;en savoir plus dans le blog<\/a><\/p>\t\t\t\t\t\t\t\t<\/div>\n\t\t\t\t<\/div>\n\t\t\t\t<div class=\"elementor-element elementor-element-a5cffcf elementor-widget elementor-widget-spacer\" data-id=\"a5cffcf\" data-element_type=\"widget\" data-e-type=\"widget\" data-widget_type=\"spacer.default\">\n\t\t\t\t<div class=\"elementor-widget-container\">\n\t\t\t\t\t\t\t<div class=\"elementor-spacer\">\n\t\t\t<div class=\"elementor-spacer-inner\"><\/div>\n\t\t<\/div>\n\t\t\t\t\t\t<\/div>\n\t\t\t\t<\/div>\n\t\t\t\t\t<\/div>\n\t\t<\/div>\n\t\t\t\t\t<\/div>\n\t\t<\/section>\n\t\t\t\t<\/div>\n\t\t","protected":false},"excerpt":{"rendered":"<p>Stages sp\u00e9cialis\u00e9es pour les professionnel\u00b7le\u00b7s Stages de Mat Pilates sp\u00e9cialis\u00e9s Termes techniques des exercices du Pilates\u00a0(rolling like a ball, teaser etc..) avec explications m\u00e9caniques des mouvements et clefs p\u00e9dagogiques pour les professeurs \u00e0 destination des \u00e9l\u00e8ves. Plans de constructions de cours niveau 1,2 et 3 Comment utiliser le mat\u00e9riel dans les cours de Mat Pilates:\u00a0toning [&hellip;]<\/p>\n","protected":false},"author":15,"featured_media":0,"parent":0,"menu_order":0,"comment_status":"closed","ping_status":"closed","template":"","meta":{"_acf_changed":false,"footnotes":""},"class_list":["post-12770","page","type-page","status-publish","hentry"],"acf":[],"yoast_head":"<!-- This site is optimized with the Yoast SEO plugin v27.4 - https:\/\/yoast.com\/product\/yoast-seo-wordpress\/ -->\n<title>Stages professionnels - Pilates et Yoga \u00e0 Vincennes<\/title>\n<meta name=\"robots\" content=\"index, follow, max-snippet:-1, max-image-preview:large, max-video-preview:-1\" \/>\n<link rel=\"canonical\" href=\"https:\/\/www.freecorpus.fr\/pilates-gym-posturale\/stages-professionnels\/\" \/>\n<meta property=\"og:locale\" content=\"fr_FR\" \/>\n<meta property=\"og:type\" content=\"article\" \/>\n<meta property=\"og:title\" content=\"Stages professionnels - Pilates et Yoga \u00e0 Vincennes\" \/>\n<meta property=\"og:description\" content=\"Stages sp\u00e9cialis\u00e9es pour les professionnel\u00b7le\u00b7s Stages de Mat Pilates sp\u00e9cialis\u00e9s Termes techniques des exercices du Pilates\u00a0(rolling like a ball, teaser etc..) avec explications m\u00e9caniques des mouvements et clefs p\u00e9dagogiques pour les professeurs \u00e0 destination des \u00e9l\u00e8ves. Plans de constructions de cours niveau 1,2 et 3 Comment utiliser le mat\u00e9riel dans les cours de Mat Pilates:\u00a0toning [&hellip;]\" \/>\n<meta property=\"og:url\" content=\"https:\/\/www.freecorpus.fr\/pilates-gym-posturale\/stages-professionnels\/\" \/>\n<meta property=\"og:site_name\" content=\"Pilates et Yoga \u00e0 Vincennes\" \/>\n<meta property=\"article:modified_time\" content=\"2022-10-12T14:49:32+00:00\" \/>\n<meta name=\"twitter:card\" content=\"summary_large_image\" \/>\n<meta name=\"twitter:label1\" content=\"Dur\u00e9e de lecture estim\u00e9e\" \/>\n\t<meta name=\"twitter:data1\" content=\"1 minute\" \/>\n<script type=\"application\/ld+json\" class=\"yoast-schema-graph\">{\"@context\":\"https:\\\/\\\/schema.org\",\"@graph\":[{\"@type\":\"WebPage\",\"@id\":\"https:\\\/\\\/www.freecorpus.fr\\\/pilates-gym-posturale\\\/stages-professionnels\\\/\",\"url\":\"https:\\\/\\\/www.freecorpus.fr\\\/pilates-gym-posturale\\\/stages-professionnels\\\/\",\"name\":\"Stages professionnels - Pilates et Yoga \u00e0 Vincennes\",\"isPartOf\":{\"@id\":\"https:\\\/\\\/www.freecorpus.fr\\\/pilates-gym-posturale\\\/#website\"},\"datePublished\":\"2022-10-12T08:15:53+00:00\",\"dateModified\":\"2022-10-12T14:49:32+00:00\",\"breadcrumb\":{\"@id\":\"https:\\\/\\\/www.freecorpus.fr\\\/pilates-gym-posturale\\\/stages-professionnels\\\/#breadcrumb\"},\"inLanguage\":\"fr-FR\",\"potentialAction\":[{\"@type\":\"ReadAction\",\"target\":[\"https:\\\/\\\/www.freecorpus.fr\\\/pilates-gym-posturale\\\/stages-professionnels\\\/\"]}]},{\"@type\":\"BreadcrumbList\",\"@id\":\"https:\\\/\\\/www.freecorpus.fr\\\/pilates-gym-posturale\\\/stages-professionnels\\\/#breadcrumb\",\"itemListElement\":[{\"@type\":\"ListItem\",\"position\":1,\"name\":\"Accueil\",\"item\":\"https:\\\/\\\/www.freecorpus.fr\\\/pilates-gym-posturale\\\/\"},{\"@type\":\"ListItem\",\"position\":2,\"name\":\"Stages professionnels\"}]},{\"@type\":\"WebSite\",\"@id\":\"https:\\\/\\\/www.freecorpus.fr\\\/pilates-gym-posturale\\\/#website\",\"url\":\"https:\\\/\\\/www.freecorpus.fr\\\/pilates-gym-posturale\\\/\",\"name\":\"Pilates et Yoga \u00e0 Vincennes\",\"description\":\"FreeCorpus Sur la voie du corps - Albane Dantras\",\"publisher\":{\"@id\":\"https:\\\/\\\/www.freecorpus.fr\\\/pilates-gym-posturale\\\/#organization\"},\"potentialAction\":[{\"@type\":\"SearchAction\",\"target\":{\"@type\":\"EntryPoint\",\"urlTemplate\":\"https:\\\/\\\/www.freecorpus.fr\\\/pilates-gym-posturale\\\/?s={search_term_string}\"},\"query-input\":{\"@type\":\"PropertyValueSpecification\",\"valueRequired\":true,\"valueName\":\"search_term_string\"}}],\"inLanguage\":\"fr-FR\"},{\"@type\":\"Organization\",\"@id\":\"https:\\\/\\\/www.freecorpus.fr\\\/pilates-gym-posturale\\\/#organization\",\"name\":\"Pilates et Yoga \u00e0 Vincennes\",\"url\":\"https:\\\/\\\/www.freecorpus.fr\\\/pilates-gym-posturale\\\/\",\"logo\":{\"@type\":\"ImageObject\",\"inLanguage\":\"fr-FR\",\"@id\":\"https:\\\/\\\/www.freecorpus.fr\\\/pilates-gym-posturale\\\/#\\\/schema\\\/logo\\\/image\\\/\",\"url\":\"https:\\\/\\\/www.freecorpus.fr\\\/pilates-gym-posturale\\\/wp-content\\\/uploads\\\/2022\\\/10\\\/LOGO_FREECORPUS-2022_06-1-removebg-preview.png\",\"contentUrl\":\"https:\\\/\\\/www.freecorpus.fr\\\/pilates-gym-posturale\\\/wp-content\\\/uploads\\\/2022\\\/10\\\/LOGO_FREECORPUS-2022_06-1-removebg-preview.png\",\"width\":249,\"height\":80,\"caption\":\"Pilates et Yoga \u00e0 Vincennes\"},\"image\":{\"@id\":\"https:\\\/\\\/www.freecorpus.fr\\\/pilates-gym-posturale\\\/#\\\/schema\\\/logo\\\/image\\\/\"}}]}<\/script>\n<!-- \/ Yoast SEO plugin. -->","yoast_head_json":{"title":"Stages professionnels - Pilates et Yoga \u00e0 Vincennes","robots":{"index":"index","follow":"follow","max-snippet":"max-snippet:-1","max-image-preview":"max-image-preview:large","max-video-preview":"max-video-preview:-1"},"canonical":"https:\/\/www.freecorpus.fr\/pilates-gym-posturale\/stages-professionnels\/","og_locale":"fr_FR","og_type":"article","og_title":"Stages professionnels - Pilates et Yoga \u00e0 Vincennes","og_description":"Stages sp\u00e9cialis\u00e9es pour les professionnel\u00b7le\u00b7s Stages de Mat Pilates sp\u00e9cialis\u00e9s Termes techniques des exercices du Pilates\u00a0(rolling like a ball, teaser etc..) avec explications m\u00e9caniques des mouvements et clefs p\u00e9dagogiques pour les professeurs \u00e0 destination des \u00e9l\u00e8ves. Plans de constructions de cours niveau 1,2 et 3 Comment utiliser le mat\u00e9riel dans les cours de Mat Pilates:\u00a0toning [&hellip;]","og_url":"https:\/\/www.freecorpus.fr\/pilates-gym-posturale\/stages-professionnels\/","og_site_name":"Pilates et Yoga \u00e0 Vincennes","article_modified_time":"2022-10-12T14:49:32+00:00","twitter_card":"summary_large_image","twitter_misc":{"Dur\u00e9e de lecture estim\u00e9e":"1 minute"},"schema":{"@context":"https:\/\/schema.org","@graph":[{"@type":"WebPage","@id":"https:\/\/www.freecorpus.fr\/pilates-gym-posturale\/stages-professionnels\/","url":"https:\/\/www.freecorpus.fr\/pilates-gym-posturale\/stages-professionnels\/","name":"Stages professionnels - Pilates et Yoga \u00e0 Vincennes","isPartOf":{"@id":"https:\/\/www.freecorpus.fr\/pilates-gym-posturale\/#website"},"datePublished":"2022-10-12T08:15:53+00:00","dateModified":"2022-10-12T14:49:32+00:00","breadcrumb":{"@id":"https:\/\/www.freecorpus.fr\/pilates-gym-posturale\/stages-professionnels\/#breadcrumb"},"inLanguage":"fr-FR","potentialAction":[{"@type":"ReadAction","target":["https:\/\/www.freecorpus.fr\/pilates-gym-posturale\/stages-professionnels\/"]}]},{"@type":"BreadcrumbList","@id":"https:\/\/www.freecorpus.fr\/pilates-gym-posturale\/stages-professionnels\/#breadcrumb","itemListElement":[{"@type":"ListItem","position":1,"name":"Accueil","item":"https:\/\/www.freecorpus.fr\/pilates-gym-posturale\/"},{"@type":"ListItem","position":2,"name":"Stages professionnels"}]},{"@type":"WebSite","@id":"https:\/\/www.freecorpus.fr\/pilates-gym-posturale\/#website","url":"https:\/\/www.freecorpus.fr\/pilates-gym-posturale\/","name":"Pilates et Yoga \u00e0 Vincennes","description":"FreeCorpus Sur la voie du corps - Albane Dantras","publisher":{"@id":"https:\/\/www.freecorpus.fr\/pilates-gym-posturale\/#organization"},"potentialAction":[{"@type":"SearchAction","target":{"@type":"EntryPoint","urlTemplate":"https:\/\/www.freecorpus.fr\/pilates-gym-posturale\/?s={search_term_string}"},"query-input":{"@type":"PropertyValueSpecification","valueRequired":true,"valueName":"search_term_string"}}],"inLanguage":"fr-FR"},{"@type":"Organization","@id":"https:\/\/www.freecorpus.fr\/pilates-gym-posturale\/#organization","name":"Pilates et Yoga \u00e0 Vincennes","url":"https:\/\/www.freecorpus.fr\/pilates-gym-posturale\/","logo":{"@type":"ImageObject","inLanguage":"fr-FR","@id":"https:\/\/www.freecorpus.fr\/pilates-gym-posturale\/#\/schema\/logo\/image\/","url":"https:\/\/www.freecorpus.fr\/pilates-gym-posturale\/wp-content\/uploads\/2022\/10\/LOGO_FREECORPUS-2022_06-1-removebg-preview.png","contentUrl":"https:\/\/www.freecorpus.fr\/pilates-gym-posturale\/wp-content\/uploads\/2022\/10\/LOGO_FREECORPUS-2022_06-1-removebg-preview.png","width":249,"height":80,"caption":"Pilates et Yoga \u00e0 Vincennes"},"image":{"@id":"https:\/\/www.freecorpus.fr\/pilates-gym-posturale\/#\/schema\/logo\/image\/"}}]}},"_links":{"self":[{"href":"https:\/\/www.freecorpus.fr\/pilates-gym-posturale\/wp-json\/wp\/v2\/pages\/12770","targetHints":{"allow":["GET"]}}],"collection":[{"href":"https:\/\/www.freecorpus.fr\/pilates-gym-posturale\/wp-json\/wp\/v2\/pages"}],"about":[{"href":"https:\/\/www.freecorpus.fr\/pilates-gym-posturale\/wp-json\/wp\/v2\/types\/page"}],"author":[{"embeddable":true,"href":"https:\/\/www.freecorpus.fr\/pilates-gym-posturale\/wp-json\/wp\/v2\/users\/15"}],"replies":[{"embeddable":true,"href":"https:\/\/www.freecorpus.fr\/pilates-gym-posturale\/wp-json\/wp\/v2\/comments?post=12770"}],"version-history":[{"count":10,"href":"https:\/\/www.freecorpus.fr\/pilates-gym-posturale\/wp-json\/wp\/v2\/pages\/12770\/revisions"}],"predecessor-version":[{"id":13213,"href":"https:\/\/www.freecorpus.fr\/pilates-gym-posturale\/wp-json\/wp\/v2\/pages\/12770\/revisions\/13213"}],"wp:attachment":[{"href":"https:\/\/www.freecorpus.fr\/pilates-gym-posturale\/wp-json\/wp\/v2\/media?parent=12770"}],"curies":[{"name":"wp","href":"https:\/\/api.w.org\/{rel}","templated":true}]}}