{"id":12767,"date":"2022-10-12T10:15:53","date_gmt":"2022-10-12T08:15:53","guid":{"rendered":"https:\/\/www.freecorpus.fr\/pilates-gym-posturale\/stages-pour-tous\/"},"modified":"2022-10-13T17:04:24","modified_gmt":"2022-10-13T15:04:24","slug":"stages-pour-tous","status":"publish","type":"page","link":"https:\/\/www.freecorpus.fr\/pilates-gym-posturale\/stages-pour-tous\/","title":{"rendered":"Stages pour tous"},"content":{"rendered":"\t\t<div data-elementor-type=\"wp-page\" data-elementor-id=\"12767\" class=\"elementor elementor-12767\" data-elementor-post-type=\"page\">\n\t\t\t\t\t\t<section class=\"elementor-section elementor-top-section elementor-element elementor-element-939966c animated-slow elementor-section-boxed elementor-section-height-default elementor-section-height-default elementor-invisible\" data-id=\"939966c\" data-element_type=\"section\" data-e-type=\"section\" data-settings=\"{&quot;animation&quot;:&quot;fadeInLeft&quot;}\">\n\t\t\t\t\t\t<div class=\"elementor-container elementor-column-gap-default\">\n\t\t\t\t\t<div class=\"elementor-column elementor-col-100 elementor-top-column elementor-element elementor-element-1dd5f35\" data-id=\"1dd5f35\" data-element_type=\"column\" data-e-type=\"column\">\n\t\t\t<div class=\"elementor-widget-wrap elementor-element-populated\">\n\t\t\t\t\t\t<div class=\"elementor-element elementor-element-01253f1 elementor-widget elementor-widget-spacer\" data-id=\"01253f1\" data-element_type=\"widget\" data-e-type=\"widget\" data-widget_type=\"spacer.default\">\n\t\t\t\t<div class=\"elementor-widget-container\">\n\t\t\t\t\t\t\t<div class=\"elementor-spacer\">\n\t\t\t<div class=\"elementor-spacer-inner\"><\/div>\n\t\t<\/div>\n\t\t\t\t\t\t<\/div>\n\t\t\t\t<\/div>\n\t\t\t\t<div class=\"elementor-element elementor-element-c93721a elementor-widget elementor-widget-heading\" data-id=\"c93721a\" data-element_type=\"widget\" data-e-type=\"widget\" data-widget_type=\"heading.default\">\n\t\t\t\t<div class=\"elementor-widget-container\">\n\t\t\t\t\t<h1 class=\"elementor-heading-title elementor-size-default\">Stages sp\u00e9cialis\u00e9es pour les professionnels<\/h1>\t\t\t\t<\/div>\n\t\t\t\t<\/div>\n\t\t\t\t<div class=\"elementor-element elementor-element-4d55b30 elementor-widget-divider--view-line elementor-widget elementor-widget-divider\" data-id=\"4d55b30\" data-element_type=\"widget\" data-e-type=\"widget\" data-widget_type=\"divider.default\">\n\t\t\t\t<div class=\"elementor-widget-container\">\n\t\t\t\t\t\t\t<div class=\"elementor-divider\">\n\t\t\t<span class=\"elementor-divider-separator\">\n\t\t\t\t\t\t<\/span>\n\t\t<\/div>\n\t\t\t\t\t\t<\/div>\n\t\t\t\t<\/div>\n\t\t\t\t\t<\/div>\n\t\t<\/div>\n\t\t\t\t\t<\/div>\n\t\t<\/section>\n\t\t\t\t<section class=\"elementor-section elementor-top-section elementor-element elementor-element-1e9f26cf animated-slow elementor-section-boxed elementor-section-height-default elementor-section-height-default elementor-invisible\" data-id=\"1e9f26cf\" data-element_type=\"section\" data-e-type=\"section\" data-settings=\"{&quot;animation&quot;:&quot;fadeInLeft&quot;,&quot;animation_delay&quot;:200}\">\n\t\t\t\t\t\t<div class=\"elementor-container elementor-column-gap-default\">\n\t\t\t\t\t<div class=\"elementor-column elementor-col-50 elementor-top-column elementor-element elementor-element-5d9ddb6a\" data-id=\"5d9ddb6a\" data-element_type=\"column\" data-e-type=\"column\">\n\t\t\t<div class=\"elementor-widget-wrap elementor-element-populated\">\n\t\t\t\t\t\t<div class=\"elementor-element elementor-element-5ad19163 elementor-widget elementor-widget-spacer\" data-id=\"5ad19163\" data-element_type=\"widget\" data-e-type=\"widget\" data-widget_type=\"spacer.default\">\n\t\t\t\t<div class=\"elementor-widget-container\">\n\t\t\t\t\t\t\t<div class=\"elementor-spacer\">\n\t\t\t<div class=\"elementor-spacer-inner\"><\/div>\n\t\t<\/div>\n\t\t\t\t\t\t<\/div>\n\t\t\t\t<\/div>\n\t\t\t\t<div class=\"elementor-element elementor-element-44f73347 elementor-widget elementor-widget-heading\" data-id=\"44f73347\" data-element_type=\"widget\" data-e-type=\"widget\" data-widget_type=\"heading.default\">\n\t\t\t\t<div class=\"elementor-widget-container\">\n\t\t\t\t\t<h2 class=\"elementor-heading-title elementor-size-default\">Stages de la  \u201cM\u00e9thode Albane Dantras\u201d  et de \u201cPilates\u201d\n<\/h2>\t\t\t\t<\/div>\n\t\t\t\t<\/div>\n\t\t\t\t<div class=\"elementor-element elementor-element-67e26b70 elementor-widget elementor-widget-text-editor\" data-id=\"67e26b70\" data-element_type=\"widget\" data-e-type=\"widget\" data-widget_type=\"text-editor.default\">\n\t\t\t\t<div class=\"elementor-widget-container\">\n\t\t\t\t\t\t\t\t\t<p>Ils sont destin\u00e9s \u00e0 des personnes ayant une pratique au moins d\u2019un mois. Les professeurs tiennent compte de votre niveau, et proposent une gamme d\u2019exercices ou chacun peu s\u2019entrainer de fa\u00e7on \u00e9panouissante.<\/p>\t\t\t\t\t\t\t\t<\/div>\n\t\t\t\t<\/div>\n\t\t\t\t<div class=\"elementor-element elementor-element-4839985c elementor-widget elementor-widget-heading\" data-id=\"4839985c\" data-element_type=\"widget\" data-e-type=\"widget\" data-widget_type=\"heading.default\">\n\t\t\t\t<div class=\"elementor-widget-container\">\n\t\t\t\t\t<h2 class=\"elementor-heading-title elementor-size-default\">Stages de danse<\/h2>\t\t\t\t<\/div>\n\t\t\t\t<\/div>\n\t\t\t\t<div class=\"elementor-element elementor-element-3db723f7 elementor-widget elementor-widget-text-editor\" data-id=\"3db723f7\" data-element_type=\"widget\" data-e-type=\"widget\" data-widget_type=\"text-editor.default\">\n\t\t\t\t<div class=\"elementor-widget-container\">\n\t\t\t\t\t\t\t\t\t<p>Ces stages sont destin\u00e9s \u00e0 tout le monde (m\u00eame d\u00e9butants sans le sens du rythme). A la fin des stages vous repartez avec des chor\u00e9graphies apprises dans la bonne humeur !<\/p>\t\t\t\t\t\t\t\t<\/div>\n\t\t\t\t<\/div>\n\t\t\t\t<div class=\"elementor-element elementor-element-4b380ee5 elementor-widget elementor-widget-heading\" data-id=\"4b380ee5\" data-element_type=\"widget\" data-e-type=\"widget\" data-widget_type=\"heading.default\">\n\t\t\t\t<div class=\"elementor-widget-container\">\n\t\t\t\t\t<h2 class=\"elementor-heading-title elementor-size-default\">Stages de relaxation<\/h2>\t\t\t\t<\/div>\n\t\t\t\t<\/div>\n\t\t\t\t<div class=\"elementor-element elementor-element-6bb84858 elementor-widget elementor-widget-text-editor\" data-id=\"6bb84858\" data-element_type=\"widget\" data-e-type=\"widget\" data-widget_type=\"text-editor.default\">\n\t\t\t\t<div class=\"elementor-widget-container\">\n\t\t\t\t\t\t\t\t\t<p>Les stages de relaxation et de d\u00e9tente permettent d\u2019acqu\u00e9rir les bonnes pratiques dans les deux situations suivantes:<\/p><ul><li>Apr\u00e8s un entra\u00eenement physique: d\u00e9tente articulaire, \u00e9tirements, r\u00e9cup\u00e9ration.<\/li><li>Apr\u00e8s une m\u00e9ditation: massages habill\u00e9s \u00e0 pratiquer en famille, l\u00e2cher prise.<\/li><\/ul>\t\t\t\t\t\t\t\t<\/div>\n\t\t\t\t<\/div>\n\t\t\t\t<div class=\"elementor-element elementor-element-1f266572 elementor-widget elementor-widget-heading\" data-id=\"1f266572\" data-element_type=\"widget\" data-e-type=\"widget\" data-widget_type=\"heading.default\">\n\t\t\t\t<div class=\"elementor-widget-container\">\n\t\t\t\t\t<h2 class=\"elementor-heading-title elementor-size-default\">Stages de m\u00e9ditation la\u00efques\n\n<\/h2>\t\t\t\t<\/div>\n\t\t\t\t<\/div>\n\t\t\t\t<div class=\"elementor-element elementor-element-297b4f3b elementor-widget elementor-widget-text-editor\" data-id=\"297b4f3b\" data-element_type=\"widget\" data-e-type=\"widget\" data-widget_type=\"text-editor.default\">\n\t\t\t\t<div class=\"elementor-widget-container\">\n\t\t\t\t\t\t\t\t\t<p>Les stages de relaxation et de d\u00e9tente permettent d\u2019acqu\u00e9rir les bonnes pratiques dans les deux situations suivantes:<\/p><ul><li>Apr\u00e8s un entrainement physique: d\u00e9tente articulaire, \u00e9tirements, r\u00e9cup\u00e9ration.<\/li><li>Apr\u00e8s une m\u00e9ditation: massages habill\u00e9s \u00e0 pratiquer en famille, l\u00e2cher prise.<\/li><\/ul>\t\t\t\t\t\t\t\t<\/div>\n\t\t\t\t<\/div>\n\t\t\t\t<div class=\"elementor-element elementor-element-71847874 elementor-widget elementor-widget-spacer\" data-id=\"71847874\" data-element_type=\"widget\" data-e-type=\"widget\" data-widget_type=\"spacer.default\">\n\t\t\t\t<div class=\"elementor-widget-container\">\n\t\t\t\t\t\t\t<div class=\"elementor-spacer\">\n\t\t\t<div class=\"elementor-spacer-inner\"><\/div>\n\t\t<\/div>\n\t\t\t\t\t\t<\/div>\n\t\t\t\t<\/div>\n\t\t\t\t\t<\/div>\n\t\t<\/div>\n\t\t\t\t<div class=\"elementor-column elementor-col-50 elementor-top-column elementor-element elementor-element-40ffae44\" data-id=\"40ffae44\" data-element_type=\"column\" data-e-type=\"column\">\n\t\t\t<div class=\"elementor-widget-wrap elementor-element-populated\">\n\t\t\t\t\t\t<div class=\"elementor-element elementor-element-674fea63 elementor-widget elementor-widget-image\" data-id=\"674fea63\" data-element_type=\"widget\" data-e-type=\"widget\" data-widget_type=\"image.default\">\n\t\t\t\t<div class=\"elementor-widget-container\">\n\t\t\t\t\t\t\t\t\t\t\t\t\t\t\t<img fetchpriority=\"high\" decoding=\"async\" width=\"800\" height=\"534\" src=\"https:\/\/www.freecorpus.fr\/pilates-gym-posturale\/wp-content\/uploads\/2018\/08\/stage2018-IMG_6681.jpg\" class=\"attachment-large size-large wp-image-10842\" alt=\"\" srcset=\"https:\/\/www.freecorpus.fr\/pilates-gym-posturale\/wp-content\/uploads\/2018\/08\/stage2018-IMG_6681.jpg 980w, https:\/\/www.freecorpus.fr\/pilates-gym-posturale\/wp-content\/uploads\/2018\/08\/stage2018-IMG_6681-300x200.jpg 300w, https:\/\/www.freecorpus.fr\/pilates-gym-posturale\/wp-content\/uploads\/2018\/08\/stage2018-IMG_6681-768x513.jpg 768w, https:\/\/www.freecorpus.fr\/pilates-gym-posturale\/wp-content\/uploads\/2018\/08\/stage2018-IMG_6681-940x627.jpg 940w\" sizes=\"(max-width: 800px) 100vw, 800px\" \/>\t\t\t\t\t\t\t\t\t\t\t\t\t\t\t<\/div>\n\t\t\t\t<\/div>\n\t\t\t\t\t<\/div>\n\t\t<\/div>\n\t\t\t\t\t<\/div>\n\t\t<\/section>\n\t\t\t\t<\/div>\n\t\t","protected":false},"excerpt":{"rendered":"<p>Stages sp\u00e9cialis\u00e9es pour les professionnels Stages de la \u201cM\u00e9thode Albane Dantras\u201d et de \u201cPilates\u201d Ils sont destin\u00e9s \u00e0 des personnes ayant une pratique au moins d\u2019un mois. Les professeurs tiennent compte de votre niveau, et proposent une gamme d\u2019exercices ou chacun peu s\u2019entrainer de fa\u00e7on \u00e9panouissante. Stages de danse Ces stages sont destin\u00e9s \u00e0 tout [&hellip;]<\/p>\n","protected":false},"author":15,"featured_media":0,"parent":0,"menu_order":0,"comment_status":"closed","ping_status":"closed","template":"","meta":{"_acf_changed":false,"footnotes":""},"class_list":["post-12767","page","type-page","status-publish","hentry"],"acf":[],"yoast_head":"<!-- This site is optimized with the Yoast SEO plugin v27.2 - https:\/\/yoast.com\/product\/yoast-seo-wordpress\/ -->\n<title>Stages pour tous - Pilates et Yoga \u00e0 Vincennes<\/title>\n<meta name=\"robots\" content=\"index, follow, max-snippet:-1, max-image-preview:large, max-video-preview:-1\" \/>\n<link rel=\"canonical\" href=\"https:\/\/www.freecorpus.fr\/pilates-gym-posturale\/stages-pour-tous\/\" \/>\n<meta property=\"og:locale\" content=\"fr_FR\" \/>\n<meta property=\"og:type\" content=\"article\" \/>\n<meta property=\"og:title\" content=\"Stages pour tous - Pilates et Yoga \u00e0 Vincennes\" \/>\n<meta property=\"og:description\" content=\"Stages sp\u00e9cialis\u00e9es pour les professionnels Stages de la \u201cM\u00e9thode Albane Dantras\u201d et de \u201cPilates\u201d Ils sont destin\u00e9s \u00e0 des personnes ayant une pratique au moins d\u2019un mois. Les professeurs tiennent compte de votre niveau, et proposent une gamme d\u2019exercices ou chacun peu s\u2019entrainer de fa\u00e7on \u00e9panouissante. Stages de danse Ces stages sont destin\u00e9s \u00e0 tout [&hellip;]\" \/>\n<meta property=\"og:url\" content=\"https:\/\/www.freecorpus.fr\/pilates-gym-posturale\/stages-pour-tous\/\" \/>\n<meta property=\"og:site_name\" content=\"Pilates et Yoga \u00e0 Vincennes\" \/>\n<meta property=\"article:modified_time\" content=\"2022-10-13T15:04:24+00:00\" \/>\n<meta property=\"og:image\" content=\"https:\/\/www.freecorpus.fr\/pilates-gym-posturale\/wp-content\/uploads\/2018\/08\/stage2018-IMG_6681.jpg\" \/>\n<meta name=\"twitter:card\" content=\"summary_large_image\" \/>\n<meta name=\"twitter:label1\" content=\"Dur\u00e9e de lecture estim\u00e9e\" \/>\n\t<meta name=\"twitter:data1\" content=\"1 minute\" \/>\n<script type=\"application\/ld+json\" class=\"yoast-schema-graph\">{\"@context\":\"https:\/\/schema.org\",\"@graph\":[{\"@type\":\"WebPage\",\"@id\":\"https:\/\/www.freecorpus.fr\/pilates-gym-posturale\/stages-pour-tous\/\",\"url\":\"https:\/\/www.freecorpus.fr\/pilates-gym-posturale\/stages-pour-tous\/\",\"name\":\"Stages pour tous - Pilates et Yoga \u00e0 Vincennes\",\"isPartOf\":{\"@id\":\"https:\/\/www.freecorpus.fr\/pilates-gym-posturale\/#website\"},\"primaryImageOfPage\":{\"@id\":\"https:\/\/www.freecorpus.fr\/pilates-gym-posturale\/stages-pour-tous\/#primaryimage\"},\"image\":{\"@id\":\"https:\/\/www.freecorpus.fr\/pilates-gym-posturale\/stages-pour-tous\/#primaryimage\"},\"thumbnailUrl\":\"https:\/\/www.freecorpus.fr\/pilates-gym-posturale\/wp-content\/uploads\/2018\/08\/stage2018-IMG_6681.jpg\",\"datePublished\":\"2022-10-12T08:15:53+00:00\",\"dateModified\":\"2022-10-13T15:04:24+00:00\",\"breadcrumb\":{\"@id\":\"https:\/\/www.freecorpus.fr\/pilates-gym-posturale\/stages-pour-tous\/#breadcrumb\"},\"inLanguage\":\"fr-FR\",\"potentialAction\":[{\"@type\":\"ReadAction\",\"target\":[\"https:\/\/www.freecorpus.fr\/pilates-gym-posturale\/stages-pour-tous\/\"]}]},{\"@type\":\"ImageObject\",\"inLanguage\":\"fr-FR\",\"@id\":\"https:\/\/www.freecorpus.fr\/pilates-gym-posturale\/stages-pour-tous\/#primaryimage\",\"url\":\"https:\/\/www.freecorpus.fr\/pilates-gym-posturale\/wp-content\/uploads\/2018\/08\/stage2018-IMG_6681.jpg\",\"contentUrl\":\"https:\/\/www.freecorpus.fr\/pilates-gym-posturale\/wp-content\/uploads\/2018\/08\/stage2018-IMG_6681.jpg\",\"width\":980,\"height\":654},{\"@type\":\"BreadcrumbList\",\"@id\":\"https:\/\/www.freecorpus.fr\/pilates-gym-posturale\/stages-pour-tous\/#breadcrumb\",\"itemListElement\":[{\"@type\":\"ListItem\",\"position\":1,\"name\":\"Accueil\",\"item\":\"https:\/\/www.freecorpus.fr\/pilates-gym-posturale\/\"},{\"@type\":\"ListItem\",\"position\":2,\"name\":\"Stages pour tous\"}]},{\"@type\":\"WebSite\",\"@id\":\"https:\/\/www.freecorpus.fr\/pilates-gym-posturale\/#website\",\"url\":\"https:\/\/www.freecorpus.fr\/pilates-gym-posturale\/\",\"name\":\"Pilates et Yoga \u00e0 Vincennes\",\"description\":\"FreeCorpus Sur la voie du corps - Albane Dantras\",\"publisher\":{\"@id\":\"https:\/\/www.freecorpus.fr\/pilates-gym-posturale\/#organization\"},\"potentialAction\":[{\"@type\":\"SearchAction\",\"target\":{\"@type\":\"EntryPoint\",\"urlTemplate\":\"https:\/\/www.freecorpus.fr\/pilates-gym-posturale\/?s={search_term_string}\"},\"query-input\":{\"@type\":\"PropertyValueSpecification\",\"valueRequired\":true,\"valueName\":\"search_term_string\"}}],\"inLanguage\":\"fr-FR\"},{\"@type\":\"Organization\",\"@id\":\"https:\/\/www.freecorpus.fr\/pilates-gym-posturale\/#organization\",\"name\":\"Pilates et Yoga \u00e0 Vincennes\",\"url\":\"https:\/\/www.freecorpus.fr\/pilates-gym-posturale\/\",\"logo\":{\"@type\":\"ImageObject\",\"inLanguage\":\"fr-FR\",\"@id\":\"https:\/\/www.freecorpus.fr\/pilates-gym-posturale\/#\/schema\/logo\/image\/\",\"url\":\"https:\/\/www.freecorpus.fr\/pilates-gym-posturale\/wp-content\/uploads\/2022\/10\/LOGO_FREECORPUS-2022_06-1-removebg-preview.png\",\"contentUrl\":\"https:\/\/www.freecorpus.fr\/pilates-gym-posturale\/wp-content\/uploads\/2022\/10\/LOGO_FREECORPUS-2022_06-1-removebg-preview.png\",\"width\":249,\"height\":80,\"caption\":\"Pilates et Yoga \u00e0 Vincennes\"},\"image\":{\"@id\":\"https:\/\/www.freecorpus.fr\/pilates-gym-posturale\/#\/schema\/logo\/image\/\"}}]}<\/script>\n<!-- \/ Yoast SEO plugin. -->","yoast_head_json":{"title":"Stages pour tous - Pilates et Yoga \u00e0 Vincennes","robots":{"index":"index","follow":"follow","max-snippet":"max-snippet:-1","max-image-preview":"max-image-preview:large","max-video-preview":"max-video-preview:-1"},"canonical":"https:\/\/www.freecorpus.fr\/pilates-gym-posturale\/stages-pour-tous\/","og_locale":"fr_FR","og_type":"article","og_title":"Stages pour tous - Pilates et Yoga \u00e0 Vincennes","og_description":"Stages sp\u00e9cialis\u00e9es pour les professionnels Stages de la \u201cM\u00e9thode Albane Dantras\u201d et de \u201cPilates\u201d Ils sont destin\u00e9s \u00e0 des personnes ayant une pratique au moins d\u2019un mois. Les professeurs tiennent compte de votre niveau, et proposent une gamme d\u2019exercices ou chacun peu s\u2019entrainer de fa\u00e7on \u00e9panouissante. Stages de danse Ces stages sont destin\u00e9s \u00e0 tout [&hellip;]","og_url":"https:\/\/www.freecorpus.fr\/pilates-gym-posturale\/stages-pour-tous\/","og_site_name":"Pilates et Yoga \u00e0 Vincennes","article_modified_time":"2022-10-13T15:04:24+00:00","og_image":[{"url":"https:\/\/www.freecorpus.fr\/pilates-gym-posturale\/wp-content\/uploads\/2018\/08\/stage2018-IMG_6681.jpg","type":"","width":"","height":""}],"twitter_card":"summary_large_image","twitter_misc":{"Dur\u00e9e de lecture estim\u00e9e":"1 minute"},"schema":{"@context":"https:\/\/schema.org","@graph":[{"@type":"WebPage","@id":"https:\/\/www.freecorpus.fr\/pilates-gym-posturale\/stages-pour-tous\/","url":"https:\/\/www.freecorpus.fr\/pilates-gym-posturale\/stages-pour-tous\/","name":"Stages pour tous - Pilates et Yoga \u00e0 Vincennes","isPartOf":{"@id":"https:\/\/www.freecorpus.fr\/pilates-gym-posturale\/#website"},"primaryImageOfPage":{"@id":"https:\/\/www.freecorpus.fr\/pilates-gym-posturale\/stages-pour-tous\/#primaryimage"},"image":{"@id":"https:\/\/www.freecorpus.fr\/pilates-gym-posturale\/stages-pour-tous\/#primaryimage"},"thumbnailUrl":"https:\/\/www.freecorpus.fr\/pilates-gym-posturale\/wp-content\/uploads\/2018\/08\/stage2018-IMG_6681.jpg","datePublished":"2022-10-12T08:15:53+00:00","dateModified":"2022-10-13T15:04:24+00:00","breadcrumb":{"@id":"https:\/\/www.freecorpus.fr\/pilates-gym-posturale\/stages-pour-tous\/#breadcrumb"},"inLanguage":"fr-FR","potentialAction":[{"@type":"ReadAction","target":["https:\/\/www.freecorpus.fr\/pilates-gym-posturale\/stages-pour-tous\/"]}]},{"@type":"ImageObject","inLanguage":"fr-FR","@id":"https:\/\/www.freecorpus.fr\/pilates-gym-posturale\/stages-pour-tous\/#primaryimage","url":"https:\/\/www.freecorpus.fr\/pilates-gym-posturale\/wp-content\/uploads\/2018\/08\/stage2018-IMG_6681.jpg","contentUrl":"https:\/\/www.freecorpus.fr\/pilates-gym-posturale\/wp-content\/uploads\/2018\/08\/stage2018-IMG_6681.jpg","width":980,"height":654},{"@type":"BreadcrumbList","@id":"https:\/\/www.freecorpus.fr\/pilates-gym-posturale\/stages-pour-tous\/#breadcrumb","itemListElement":[{"@type":"ListItem","position":1,"name":"Accueil","item":"https:\/\/www.freecorpus.fr\/pilates-gym-posturale\/"},{"@type":"ListItem","position":2,"name":"Stages pour tous"}]},{"@type":"WebSite","@id":"https:\/\/www.freecorpus.fr\/pilates-gym-posturale\/#website","url":"https:\/\/www.freecorpus.fr\/pilates-gym-posturale\/","name":"Pilates et Yoga \u00e0 Vincennes","description":"FreeCorpus Sur la voie du corps - Albane Dantras","publisher":{"@id":"https:\/\/www.freecorpus.fr\/pilates-gym-posturale\/#organization"},"potentialAction":[{"@type":"SearchAction","target":{"@type":"EntryPoint","urlTemplate":"https:\/\/www.freecorpus.fr\/pilates-gym-posturale\/?s={search_term_string}"},"query-input":{"@type":"PropertyValueSpecification","valueRequired":true,"valueName":"search_term_string"}}],"inLanguage":"fr-FR"},{"@type":"Organization","@id":"https:\/\/www.freecorpus.fr\/pilates-gym-posturale\/#organization","name":"Pilates et Yoga \u00e0 Vincennes","url":"https:\/\/www.freecorpus.fr\/pilates-gym-posturale\/","logo":{"@type":"ImageObject","inLanguage":"fr-FR","@id":"https:\/\/www.freecorpus.fr\/pilates-gym-posturale\/#\/schema\/logo\/image\/","url":"https:\/\/www.freecorpus.fr\/pilates-gym-posturale\/wp-content\/uploads\/2022\/10\/LOGO_FREECORPUS-2022_06-1-removebg-preview.png","contentUrl":"https:\/\/www.freecorpus.fr\/pilates-gym-posturale\/wp-content\/uploads\/2022\/10\/LOGO_FREECORPUS-2022_06-1-removebg-preview.png","width":249,"height":80,"caption":"Pilates et Yoga \u00e0 Vincennes"},"image":{"@id":"https:\/\/www.freecorpus.fr\/pilates-gym-posturale\/#\/schema\/logo\/image\/"}}]}},"_links":{"self":[{"href":"https:\/\/www.freecorpus.fr\/pilates-gym-posturale\/wp-json\/wp\/v2\/pages\/12767","targetHints":{"allow":["GET"]}}],"collection":[{"href":"https:\/\/www.freecorpus.fr\/pilates-gym-posturale\/wp-json\/wp\/v2\/pages"}],"about":[{"href":"https:\/\/www.freecorpus.fr\/pilates-gym-posturale\/wp-json\/wp\/v2\/types\/page"}],"author":[{"embeddable":true,"href":"https:\/\/www.freecorpus.fr\/pilates-gym-posturale\/wp-json\/wp\/v2\/users\/15"}],"replies":[{"embeddable":true,"href":"https:\/\/www.freecorpus.fr\/pilates-gym-posturale\/wp-json\/wp\/v2\/comments?post=12767"}],"version-history":[{"count":10,"href":"https:\/\/www.freecorpus.fr\/pilates-gym-posturale\/wp-json\/wp\/v2\/pages\/12767\/revisions"}],"predecessor-version":[{"id":13344,"href":"https:\/\/www.freecorpus.fr\/pilates-gym-posturale\/wp-json\/wp\/v2\/pages\/12767\/revisions\/13344"}],"wp:attachment":[{"href":"https:\/\/www.freecorpus.fr\/pilates-gym-posturale\/wp-json\/wp\/v2\/media?parent=12767"}],"curies":[{"name":"wp","href":"https:\/\/api.w.org\/{rel}","templated":true}]}}