{"id":12323,"date":"2021-12-31T16:32:44","date_gmt":"2021-12-31T15:32:44","guid":{"rendered":"https:\/\/www.freecorpus.fr\/pilates-gym-posturale\/?page_id=12323"},"modified":"2022-08-27T12:05:07","modified_gmt":"2022-08-27T10:05:07","slug":"acces-planning-et-comptes-adherents","status":"publish","type":"page","link":"https:\/\/www.freecorpus.fr\/pilates-gym-posturale\/acces-planning-et-comptes-adherents\/","title":{"rendered":"Comment se connecter au nouveau planning"},"content":{"rendered":"<h2>Free Corpus utilise depuis janvier 2022 un nouvel outil de r\u00e9servation.<\/h2>\n<p>[alert color=\u00a0\u00bbblue\u00a0\u00bb] Tous les comptes adh\u00e9rents ainsi que les cr\u00e9dits de compte ont \u00e9t\u00e9 transf\u00e9r\u00e9s vers le nouveau portail <em>Deciplus&#x2122;<\/em>. [\/alert]<\/p>\n<p>[alert color=\u00a0\u00bbwhite\u00a0\u00bb]Suivez ces liens pour\u00a0 :<\/p>\n<p><a href=\"#ordinateur\">&gt;1ere connexion \u00e0 partir d&rsquo;un ordinateur<\/a><\/p>\n<p><a href=\"#appmobiles\">&gt;1er connexion \u00e0 partir d&rsquo;un mobile<\/a><\/p>\n<p><a href=\"#ensuite\">&gt; vous connecter ensuite avec vos identifiant\/mot de passe<\/a><\/p>\n<p>[\/alert]<\/p>\n<div id=\"ordinateur\"><\/div>\n<p>&nbsp;<\/p>\n<h2>1ere connexion \u00e0 partir d&rsquo;un ordinateur<\/h2>\n<p>[dropcap_two] 1\u00a0 [\/dropcap_two] Connectez vous au lien suivant:<\/p>\n<p><a href=\"https:\/\/member-app.deciplus.pro\/#\/free-corpus\/signIn?to=landing\" target=\"_blank\" rel=\"noopener\">https:\/\/member-app.deciplus.pro\/#\/free-corpus<\/a><\/p>\n<p>Prenez soin d&rsquo;enregistrer ce lien dans vos signets\/bookmarks.<br \/>\nVous pouvez aussi le retrouver dans le menu principal du site freecorpus.fr &gt;R\u00e9servations &gt;Acc\u00e8s adh\u00e9rents<\/p>\n<p>[dropcap_two] 2\u00a0 [\/dropcap_two] Cliquez sur \u00ab\u00a0Mot de passe oubli\u00e9\u00a0\u00bb<\/p>\n<p><em><br \/>\n<\/em>[themecolor] Important !! Si vous \u00eates ancien adh\u00e9rent et aviez d\u00e9j\u00e0 un compte dans Extraclub, utilisez<strong> la m\u00eame adresse e-mail <\/strong> pour retrouver votre compte personnel[\/themecolor]<br \/>\n<br class=\"clr\" \/><a href=\"https:\/\/www.freecorpus.fr\/pilates-gym-posturale\/wp-content\/uploads\/2022\/01\/motpass-oublie-Deciplus2.jpg\"><img fetchpriority=\"high\" decoding=\"async\" class=\"wp-image-12348 alignnone\" src=\"https:\/\/www.freecorpus.fr\/pilates-gym-posturale\/wp-content\/uploads\/2022\/01\/motpass-oublie-Deciplus2.jpg\" alt=\"\" width=\"360\" height=\"290\" srcset=\"https:\/\/www.freecorpus.fr\/pilates-gym-posturale\/wp-content\/uploads\/2022\/01\/motpass-oublie-Deciplus2.jpg 604w, https:\/\/www.freecorpus.fr\/pilates-gym-posturale\/wp-content\/uploads\/2022\/01\/motpass-oublie-Deciplus2-300x241.jpg 300w\" sizes=\"(max-width: 360px) 100vw, 360px\" \/><\/a><\/p>\n<p>[dropcap_two] 3\u00a0 [\/dropcap_two] Suivez les instructions re\u00e7ues par mail<\/p>\n<p>puis connectez vous avec votre nouveau mot de passe au lien <em>Deciplus<\/em> pr\u00e9cis\u00e9 \u00e0 l&rsquo;\u00e9tape [themecolor] <span style=\"font-size: large;\"> 1 <\/span>[\/themecolor] ci-dessus.<\/p>\n<p>&nbsp;<\/p>\n<div id=\"appmobiles\"><\/div>\n<p>&nbsp;<\/p>\n<h2>Utilisez l&rsquo;application mobile pour plus de fonctionnalit\u00e9s.<\/h2>\n<p>[dropcap_two] 1\u00a0 [\/dropcap_two] Installez l&rsquo;application mobile <em>Deciplus<\/em>, et connectez vous\u00a0 en utilisant le code centre<strong>: free-corpus<\/strong><\/p>\n<p><a href=\"https:\/\/apps.apple.com\/fr\/app\/deciplus\/id1519197587\"><img decoding=\"async\" class=\"alignnone wp-image-12363 size-full\" src=\"https:\/\/www.freecorpus.fr\/pilates-gym-posturale\/wp-content\/uploads\/2022\/01\/logo-appstore.jpg\" alt=\"\" width=\"250\" height=\"74\" \/><\/a> <a href=\"https:\/\/apps.apple.com\/fr\/app\/deciplus\/id1519197587\">&gt;T\u00e9l\u00e9charger l&rsquo;application Apple<\/a><\/p>\n<p><a href=\"https:\/\/appgallery.huawei.com\/app\/C102991297?sharePrepath=ag&amp;channelId=Deciplus&amp;id=f3dce5e0d53741e597169119bd52bc3d&amp;s=96D524404882C9CD240CC1482414A032CCF2F7520C286AED11E9F7E69710C619&amp;detailType=0&amp;v=\"><img decoding=\"async\" class=\"alignnone wp-image-12362 size-full\" src=\"https:\/\/www.freecorpus.fr\/pilates-gym-posturale\/wp-content\/uploads\/2022\/01\/logo-appgallery.jpg\" alt=\"\" width=\"250\" height=\"75\" \/><\/a> <a href=\"https:\/\/appgallery.huawei.com\/app\/C102991297?sharePrepath=ag&amp;channelId=Deciplus&amp;id=f3dce5e0d53741e597169119bd52bc3d&amp;s=96D524404882C9CD240CC1482414A032CCF2F7520C286AED11E9F7E69710C619&amp;detailType=0&amp;v=\">&gt;T\u00e9l\u00e9charger sur AppGallery<\/a><\/p>\n<p><a href=\"https:\/\/play.google.com\/store\/apps\/details?id=com.lodecom.apps.deciplusmember\"><img loading=\"lazy\" decoding=\"async\" class=\"alignnone wp-image-12364 size-full\" src=\"https:\/\/www.freecorpus.fr\/pilates-gym-posturale\/wp-content\/uploads\/2022\/01\/logo-googleplay.jpg\" alt=\"\" width=\"250\" height=\"74\" \/><\/a> <a href=\"https:\/\/play.google.com\/store\/apps\/details?id=com.lodecom.apps.deciplusmember\">&gt;T\u00e9l\u00e9charger sur Google Play<\/a><\/p>\n<p><br class=\"clr\" \/>[dropcap_two] 2\u00a0 [\/dropcap_two] Une fois lanc\u00e9e l&rsquo;application, cliquez sur <strong>Connexion au centre<\/strong>\u00a0 (voir copies d&rsquo;\u00e9cran ci-dessous)<br \/>\navec le code centre<strong>: free-corpus<\/strong><\/p>\n<p><br class=\"clr\" \/>[dropcap_two] 3\u00a0 [\/dropcap_two]Puis connectez vous directement avec le mot de passe d\u00e9j\u00e0 cr\u00e9\u00e9 \u00e0 partir d&rsquo;un ordinateur.<\/p>\n<p>ou si vous ne l&rsquo;avez pas d\u00e9j\u00e0 fait, cliquez sur le lien <em>Mot de passe oubli\u00e9<\/em> pour recevoir un mail de r\u00e9initialisation.<\/p>\n<p>[alert color=\u00a0\u00bbwhite\u00a0\u00bb] NB: utilisez la m\u00eame adresse e-mail que celle qui figurait dans votre compte <em>Extraclub<\/em>. [\/alert]<\/p>\n<p><a href=\"https:\/\/www.freecorpus.fr\/pilates-gym-posturale\/wp-content\/uploads\/2022\/01\/connexionaucentre_deciplus-app.jpg\"><img loading=\"lazy\" decoding=\"async\" class=\"alignnone wp-image-12353\" src=\"https:\/\/www.freecorpus.fr\/pilates-gym-posturale\/wp-content\/uploads\/2022\/01\/connexionaucentre_deciplus-app-473x1024.jpg\" alt=\"\" width=\"231\" height=\"500\" srcset=\"https:\/\/www.freecorpus.fr\/pilates-gym-posturale\/wp-content\/uploads\/2022\/01\/connexionaucentre_deciplus-app-473x1024.jpg 473w, https:\/\/www.freecorpus.fr\/pilates-gym-posturale\/wp-content\/uploads\/2022\/01\/connexionaucentre_deciplus-app-139x300.jpg 139w, https:\/\/www.freecorpus.fr\/pilates-gym-posturale\/wp-content\/uploads\/2022\/01\/connexionaucentre_deciplus-app-768x1662.jpg 768w, https:\/\/www.freecorpus.fr\/pilates-gym-posturale\/wp-content\/uploads\/2022\/01\/connexionaucentre_deciplus-app.jpg 828w\" sizes=\"(max-width: 231px) 100vw, 231px\" \/><\/a> <a href=\"https:\/\/www.freecorpus.fr\/pilates-gym-posturale\/wp-content\/uploads\/2022\/01\/codecentre_deciplus-app.jpg\"><img loading=\"lazy\" decoding=\"async\" class=\"alignnone wp-image-12352\" src=\"https:\/\/www.freecorpus.fr\/pilates-gym-posturale\/wp-content\/uploads\/2022\/01\/codecentre_deciplus-app-473x1024.jpg\" alt=\"\" width=\"231\" height=\"500\" srcset=\"https:\/\/www.freecorpus.fr\/pilates-gym-posturale\/wp-content\/uploads\/2022\/01\/codecentre_deciplus-app-473x1024.jpg 473w, https:\/\/www.freecorpus.fr\/pilates-gym-posturale\/wp-content\/uploads\/2022\/01\/codecentre_deciplus-app-139x300.jpg 139w, https:\/\/www.freecorpus.fr\/pilates-gym-posturale\/wp-content\/uploads\/2022\/01\/codecentre_deciplus-app-768x1662.jpg 768w, https:\/\/www.freecorpus.fr\/pilates-gym-posturale\/wp-content\/uploads\/2022\/01\/codecentre_deciplus-app.jpg 828w\" sizes=\"(max-width: 231px) 100vw, 231px\" \/><\/a><\/p>\n<p>&nbsp;<\/p>\n<div id=\"ensuite\"><\/div>\n<p>&nbsp;<\/p>\n<h2>Une fois r\u00e9initialis\u00e9 votre mot de passe, connectez vous \u00e0 votre compte sur ordinateur ou de l&rsquo;application mobile<\/h2>\n<p><img loading=\"lazy\" decoding=\"async\" class=\"alignnone wp-image-12401\" src=\"https:\/\/www.freecorpus.fr\/pilates-gym-posturale\/wp-content\/uploads\/2022\/01\/connexionaucompte_deciplus-app-473x1024.jpg\" alt=\"\" width=\"231\" height=\"500\" srcset=\"https:\/\/www.freecorpus.fr\/pilates-gym-posturale\/wp-content\/uploads\/2022\/01\/connexionaucompte_deciplus-app-473x1024.jpg 473w, https:\/\/www.freecorpus.fr\/pilates-gym-posturale\/wp-content\/uploads\/2022\/01\/connexionaucompte_deciplus-app-139x300.jpg 139w, https:\/\/www.freecorpus.fr\/pilates-gym-posturale\/wp-content\/uploads\/2022\/01\/connexionaucompte_deciplus-app-768x1662.jpg 768w, https:\/\/www.freecorpus.fr\/pilates-gym-posturale\/wp-content\/uploads\/2022\/01\/connexionaucompte_deciplus-app.jpg 828w\" sizes=\"(max-width: 231px) 100vw, 231px\" \/>\u00a0\u00a0\u00a0 <img loading=\"lazy\" decoding=\"async\" class=\"alignnone wp-image-12402\" src=\"https:\/\/www.freecorpus.fr\/pilates-gym-posturale\/wp-content\/uploads\/2022\/01\/connexionaucompte_deciplus-ordi.jpg\" alt=\"\" width=\"302\" height=\"500\" srcset=\"https:\/\/www.freecorpus.fr\/pilates-gym-posturale\/wp-content\/uploads\/2022\/01\/connexionaucompte_deciplus-ordi.jpg 530w, https:\/\/www.freecorpus.fr\/pilates-gym-posturale\/wp-content\/uploads\/2022\/01\/connexionaucompte_deciplus-ordi-181x300.jpg 181w\" sizes=\"(max-width: 302px) 100vw, 302px\" \/><\/p>\n<p>&nbsp;<\/p>\n<h3>Une fois dans votre compte <em>Deciplus<\/em>, cliquez sur <strong>Accueil<\/strong> pour voir l&rsquo;\u00e9tat de votre compte et <strong>Calendrier<\/strong> pour acc\u00e9der au planning de r\u00e9servation.<\/h3>\n<p><a href=\"https:\/\/www.freecorpus.fr\/pilates-gym-posturale\/wp-content\/uploads\/2022\/01\/ecran-deciplus.jpg\"><img loading=\"lazy\" decoding=\"async\" class=\"alignnone wp-image-12345\" src=\"https:\/\/www.freecorpus.fr\/pilates-gym-posturale\/wp-content\/uploads\/2022\/01\/ecran-deciplus.jpg\" alt=\"\" width=\"360\" height=\"270\" srcset=\"https:\/\/www.freecorpus.fr\/pilates-gym-posturale\/wp-content\/uploads\/2022\/01\/ecran-deciplus.jpg 1000w, https:\/\/www.freecorpus.fr\/pilates-gym-posturale\/wp-content\/uploads\/2022\/01\/ecran-deciplus-300x225.jpg 300w, https:\/\/www.freecorpus.fr\/pilates-gym-posturale\/wp-content\/uploads\/2022\/01\/ecran-deciplus-768x576.jpg 768w, https:\/\/www.freecorpus.fr\/pilates-gym-posturale\/wp-content\/uploads\/2022\/01\/ecran-deciplus-940x705.jpg 940w\" sizes=\"(max-width: 360px) 100vw, 360px\" \/><\/a><br \/>\n<br class=\"clr\" \/>Nous esp\u00e9rons que vous appr\u00e9cierez comme nous le nouveau planning!<\/p>\n<p>[cta headline=\u00a0\u00bbTout sur le planning de r\u00e9servation\u00a0\u00bb buttontext=\u00a0\u00bbPlus d&rsquo;infos\u00a0\u00bb buttonlink=\u00a0\u00bb\/pilates-gym-posturale\/tout-sur-le-planning-de-reservation\/\u00a0\u00bb ] Vous d\u00e9sirez plus d&rsquo;info sur la gestion des r\u00e9servations dans votre compte personnel? [\/cta]<\/p>\n","protected":false},"excerpt":{"rendered":"<p>Free Corpus utilise depuis janvier 2022 un nouvel outil de r\u00e9servation. [alert color=\u00a0\u00bbblue\u00a0\u00bb] Tous les comptes adh\u00e9rents ainsi que les cr\u00e9dits de compte ont \u00e9t\u00e9 transf\u00e9r\u00e9s vers le nouveau portail Deciplus&#x2122;. [\/alert] [alert color=\u00a0\u00bbwhite\u00a0\u00bb]Suivez ces liens pour\u00a0 : &gt;1ere connexion \u00e0 partir d&rsquo;un ordinateur &gt;1er connexion \u00e0 partir d&rsquo;un mobile &gt; vous connecter ensuite avec [&hellip;]<\/p>\n","protected":false},"author":13,"featured_media":0,"parent":0,"menu_order":0,"comment_status":"closed","ping_status":"closed","template":"","meta":{"_acf_changed":false,"footnotes":""},"class_list":["post-12323","page","type-page","status-publish","hentry"],"acf":[],"yoast_head":"<!-- This site is optimized with the Yoast SEO plugin v27.2 - https:\/\/yoast.com\/product\/yoast-seo-wordpress\/ -->\n<title>Comment se connecter au nouveau planning - Pilates et Yoga \u00e0 Vincennes<\/title>\n<meta name=\"robots\" content=\"index, follow, max-snippet:-1, max-image-preview:large, max-video-preview:-1\" \/>\n<link rel=\"canonical\" href=\"https:\/\/www.freecorpus.fr\/pilates-gym-posturale\/acces-planning-et-comptes-adherents\/\" \/>\n<meta property=\"og:locale\" content=\"fr_FR\" \/>\n<meta property=\"og:type\" content=\"article\" \/>\n<meta property=\"og:title\" content=\"Comment se connecter au nouveau planning - Pilates et Yoga \u00e0 Vincennes\" \/>\n<meta property=\"og:description\" content=\"Free Corpus utilise depuis janvier 2022 un nouvel outil de r\u00e9servation. [alert color=\u00a0\u00bbblue\u00a0\u00bb] Tous les comptes adh\u00e9rents ainsi que les cr\u00e9dits de compte ont \u00e9t\u00e9 transf\u00e9r\u00e9s vers le nouveau portail Deciplus&#x2122;. [\/alert] [alert color=\u00a0\u00bbwhite\u00a0\u00bb]Suivez ces liens pour\u00a0 : &gt;1ere connexion \u00e0 partir d&rsquo;un ordinateur &gt;1er connexion \u00e0 partir d&rsquo;un mobile &gt; vous connecter ensuite avec [&hellip;]\" \/>\n<meta property=\"og:url\" content=\"https:\/\/www.freecorpus.fr\/pilates-gym-posturale\/acces-planning-et-comptes-adherents\/\" \/>\n<meta property=\"og:site_name\" content=\"Pilates et Yoga \u00e0 Vincennes\" \/>\n<meta property=\"article:modified_time\" content=\"2022-08-27T10:05:07+00:00\" \/>\n<meta property=\"og:image\" content=\"https:\/\/www.freecorpus.fr\/pilates-gym-posturale\/wp-content\/uploads\/2022\/01\/motpass-oublie-Deciplus2.jpg\" \/>\n<meta name=\"twitter:card\" content=\"summary_large_image\" \/>\n<meta name=\"twitter:label1\" content=\"Dur\u00e9e de lecture estim\u00e9e\" \/>\n\t<meta name=\"twitter:data1\" content=\"2 minutes\" \/>\n<script type=\"application\/ld+json\" class=\"yoast-schema-graph\">{\"@context\":\"https:\/\/schema.org\",\"@graph\":[{\"@type\":\"WebPage\",\"@id\":\"https:\/\/www.freecorpus.fr\/pilates-gym-posturale\/acces-planning-et-comptes-adherents\/\",\"url\":\"https:\/\/www.freecorpus.fr\/pilates-gym-posturale\/acces-planning-et-comptes-adherents\/\",\"name\":\"Comment se connecter au nouveau planning - Pilates et Yoga \u00e0 Vincennes\",\"isPartOf\":{\"@id\":\"https:\/\/www.freecorpus.fr\/pilates-gym-posturale\/#website\"},\"primaryImageOfPage\":{\"@id\":\"https:\/\/www.freecorpus.fr\/pilates-gym-posturale\/acces-planning-et-comptes-adherents\/#primaryimage\"},\"image\":{\"@id\":\"https:\/\/www.freecorpus.fr\/pilates-gym-posturale\/acces-planning-et-comptes-adherents\/#primaryimage\"},\"thumbnailUrl\":\"https:\/\/www.freecorpus.fr\/pilates-gym-posturale\/wp-content\/uploads\/2022\/01\/motpass-oublie-Deciplus2.jpg\",\"datePublished\":\"2021-12-31T15:32:44+00:00\",\"dateModified\":\"2022-08-27T10:05:07+00:00\",\"breadcrumb\":{\"@id\":\"https:\/\/www.freecorpus.fr\/pilates-gym-posturale\/acces-planning-et-comptes-adherents\/#breadcrumb\"},\"inLanguage\":\"fr-FR\",\"potentialAction\":[{\"@type\":\"ReadAction\",\"target\":[\"https:\/\/www.freecorpus.fr\/pilates-gym-posturale\/acces-planning-et-comptes-adherents\/\"]}]},{\"@type\":\"ImageObject\",\"inLanguage\":\"fr-FR\",\"@id\":\"https:\/\/www.freecorpus.fr\/pilates-gym-posturale\/acces-planning-et-comptes-adherents\/#primaryimage\",\"url\":\"https:\/\/www.freecorpus.fr\/pilates-gym-posturale\/wp-content\/uploads\/2022\/01\/motpass-oublie-Deciplus2.jpg\",\"contentUrl\":\"https:\/\/www.freecorpus.fr\/pilates-gym-posturale\/wp-content\/uploads\/2022\/01\/motpass-oublie-Deciplus2.jpg\"},{\"@type\":\"BreadcrumbList\",\"@id\":\"https:\/\/www.freecorpus.fr\/pilates-gym-posturale\/acces-planning-et-comptes-adherents\/#breadcrumb\",\"itemListElement\":[{\"@type\":\"ListItem\",\"position\":1,\"name\":\"Accueil\",\"item\":\"https:\/\/www.freecorpus.fr\/pilates-gym-posturale\/\"},{\"@type\":\"ListItem\",\"position\":2,\"name\":\"Comment se connecter au nouveau planning\"}]},{\"@type\":\"WebSite\",\"@id\":\"https:\/\/www.freecorpus.fr\/pilates-gym-posturale\/#website\",\"url\":\"https:\/\/www.freecorpus.fr\/pilates-gym-posturale\/\",\"name\":\"Pilates et Yoga \u00e0 Vincennes\",\"description\":\"FreeCorpus Sur la voie du corps - Albane Dantras\",\"publisher\":{\"@id\":\"https:\/\/www.freecorpus.fr\/pilates-gym-posturale\/#organization\"},\"potentialAction\":[{\"@type\":\"SearchAction\",\"target\":{\"@type\":\"EntryPoint\",\"urlTemplate\":\"https:\/\/www.freecorpus.fr\/pilates-gym-posturale\/?s={search_term_string}\"},\"query-input\":{\"@type\":\"PropertyValueSpecification\",\"valueRequired\":true,\"valueName\":\"search_term_string\"}}],\"inLanguage\":\"fr-FR\"},{\"@type\":\"Organization\",\"@id\":\"https:\/\/www.freecorpus.fr\/pilates-gym-posturale\/#organization\",\"name\":\"Pilates et Yoga \u00e0 Vincennes\",\"url\":\"https:\/\/www.freecorpus.fr\/pilates-gym-posturale\/\",\"logo\":{\"@type\":\"ImageObject\",\"inLanguage\":\"fr-FR\",\"@id\":\"https:\/\/www.freecorpus.fr\/pilates-gym-posturale\/#\/schema\/logo\/image\/\",\"url\":\"https:\/\/www.freecorpus.fr\/pilates-gym-posturale\/wp-content\/uploads\/2022\/10\/LOGO_FREECORPUS-2022_06-1-removebg-preview.png\",\"contentUrl\":\"https:\/\/www.freecorpus.fr\/pilates-gym-posturale\/wp-content\/uploads\/2022\/10\/LOGO_FREECORPUS-2022_06-1-removebg-preview.png\",\"width\":249,\"height\":80,\"caption\":\"Pilates et Yoga \u00e0 Vincennes\"},\"image\":{\"@id\":\"https:\/\/www.freecorpus.fr\/pilates-gym-posturale\/#\/schema\/logo\/image\/\"}}]}<\/script>\n<!-- \/ Yoast SEO plugin. -->","yoast_head_json":{"title":"Comment se connecter au nouveau planning - Pilates et Yoga \u00e0 Vincennes","robots":{"index":"index","follow":"follow","max-snippet":"max-snippet:-1","max-image-preview":"max-image-preview:large","max-video-preview":"max-video-preview:-1"},"canonical":"https:\/\/www.freecorpus.fr\/pilates-gym-posturale\/acces-planning-et-comptes-adherents\/","og_locale":"fr_FR","og_type":"article","og_title":"Comment se connecter au nouveau planning - Pilates et Yoga \u00e0 Vincennes","og_description":"Free Corpus utilise depuis janvier 2022 un nouvel outil de r\u00e9servation. [alert color=\u00a0\u00bbblue\u00a0\u00bb] Tous les comptes adh\u00e9rents ainsi que les cr\u00e9dits de compte ont \u00e9t\u00e9 transf\u00e9r\u00e9s vers le nouveau portail Deciplus&#x2122;. [\/alert] [alert color=\u00a0\u00bbwhite\u00a0\u00bb]Suivez ces liens pour\u00a0 : &gt;1ere connexion \u00e0 partir d&rsquo;un ordinateur &gt;1er connexion \u00e0 partir d&rsquo;un mobile &gt; vous connecter ensuite avec [&hellip;]","og_url":"https:\/\/www.freecorpus.fr\/pilates-gym-posturale\/acces-planning-et-comptes-adherents\/","og_site_name":"Pilates et Yoga \u00e0 Vincennes","article_modified_time":"2022-08-27T10:05:07+00:00","og_image":[{"url":"https:\/\/www.freecorpus.fr\/pilates-gym-posturale\/wp-content\/uploads\/2022\/01\/motpass-oublie-Deciplus2.jpg","type":"","width":"","height":""}],"twitter_card":"summary_large_image","twitter_misc":{"Dur\u00e9e de lecture estim\u00e9e":"2 minutes"},"schema":{"@context":"https:\/\/schema.org","@graph":[{"@type":"WebPage","@id":"https:\/\/www.freecorpus.fr\/pilates-gym-posturale\/acces-planning-et-comptes-adherents\/","url":"https:\/\/www.freecorpus.fr\/pilates-gym-posturale\/acces-planning-et-comptes-adherents\/","name":"Comment se connecter au nouveau planning - Pilates et Yoga \u00e0 Vincennes","isPartOf":{"@id":"https:\/\/www.freecorpus.fr\/pilates-gym-posturale\/#website"},"primaryImageOfPage":{"@id":"https:\/\/www.freecorpus.fr\/pilates-gym-posturale\/acces-planning-et-comptes-adherents\/#primaryimage"},"image":{"@id":"https:\/\/www.freecorpus.fr\/pilates-gym-posturale\/acces-planning-et-comptes-adherents\/#primaryimage"},"thumbnailUrl":"https:\/\/www.freecorpus.fr\/pilates-gym-posturale\/wp-content\/uploads\/2022\/01\/motpass-oublie-Deciplus2.jpg","datePublished":"2021-12-31T15:32:44+00:00","dateModified":"2022-08-27T10:05:07+00:00","breadcrumb":{"@id":"https:\/\/www.freecorpus.fr\/pilates-gym-posturale\/acces-planning-et-comptes-adherents\/#breadcrumb"},"inLanguage":"fr-FR","potentialAction":[{"@type":"ReadAction","target":["https:\/\/www.freecorpus.fr\/pilates-gym-posturale\/acces-planning-et-comptes-adherents\/"]}]},{"@type":"ImageObject","inLanguage":"fr-FR","@id":"https:\/\/www.freecorpus.fr\/pilates-gym-posturale\/acces-planning-et-comptes-adherents\/#primaryimage","url":"https:\/\/www.freecorpus.fr\/pilates-gym-posturale\/wp-content\/uploads\/2022\/01\/motpass-oublie-Deciplus2.jpg","contentUrl":"https:\/\/www.freecorpus.fr\/pilates-gym-posturale\/wp-content\/uploads\/2022\/01\/motpass-oublie-Deciplus2.jpg"},{"@type":"BreadcrumbList","@id":"https:\/\/www.freecorpus.fr\/pilates-gym-posturale\/acces-planning-et-comptes-adherents\/#breadcrumb","itemListElement":[{"@type":"ListItem","position":1,"name":"Accueil","item":"https:\/\/www.freecorpus.fr\/pilates-gym-posturale\/"},{"@type":"ListItem","position":2,"name":"Comment se connecter au nouveau planning"}]},{"@type":"WebSite","@id":"https:\/\/www.freecorpus.fr\/pilates-gym-posturale\/#website","url":"https:\/\/www.freecorpus.fr\/pilates-gym-posturale\/","name":"Pilates et Yoga \u00e0 Vincennes","description":"FreeCorpus Sur la voie du corps - Albane Dantras","publisher":{"@id":"https:\/\/www.freecorpus.fr\/pilates-gym-posturale\/#organization"},"potentialAction":[{"@type":"SearchAction","target":{"@type":"EntryPoint","urlTemplate":"https:\/\/www.freecorpus.fr\/pilates-gym-posturale\/?s={search_term_string}"},"query-input":{"@type":"PropertyValueSpecification","valueRequired":true,"valueName":"search_term_string"}}],"inLanguage":"fr-FR"},{"@type":"Organization","@id":"https:\/\/www.freecorpus.fr\/pilates-gym-posturale\/#organization","name":"Pilates et Yoga \u00e0 Vincennes","url":"https:\/\/www.freecorpus.fr\/pilates-gym-posturale\/","logo":{"@type":"ImageObject","inLanguage":"fr-FR","@id":"https:\/\/www.freecorpus.fr\/pilates-gym-posturale\/#\/schema\/logo\/image\/","url":"https:\/\/www.freecorpus.fr\/pilates-gym-posturale\/wp-content\/uploads\/2022\/10\/LOGO_FREECORPUS-2022_06-1-removebg-preview.png","contentUrl":"https:\/\/www.freecorpus.fr\/pilates-gym-posturale\/wp-content\/uploads\/2022\/10\/LOGO_FREECORPUS-2022_06-1-removebg-preview.png","width":249,"height":80,"caption":"Pilates et Yoga \u00e0 Vincennes"},"image":{"@id":"https:\/\/www.freecorpus.fr\/pilates-gym-posturale\/#\/schema\/logo\/image\/"}}]}},"_links":{"self":[{"href":"https:\/\/www.freecorpus.fr\/pilates-gym-posturale\/wp-json\/wp\/v2\/pages\/12323","targetHints":{"allow":["GET"]}}],"collection":[{"href":"https:\/\/www.freecorpus.fr\/pilates-gym-posturale\/wp-json\/wp\/v2\/pages"}],"about":[{"href":"https:\/\/www.freecorpus.fr\/pilates-gym-posturale\/wp-json\/wp\/v2\/types\/page"}],"author":[{"embeddable":true,"href":"https:\/\/www.freecorpus.fr\/pilates-gym-posturale\/wp-json\/wp\/v2\/users\/13"}],"replies":[{"embeddable":true,"href":"https:\/\/www.freecorpus.fr\/pilates-gym-posturale\/wp-json\/wp\/v2\/comments?post=12323"}],"version-history":[{"count":10,"href":"https:\/\/www.freecorpus.fr\/pilates-gym-posturale\/wp-json\/wp\/v2\/pages\/12323\/revisions"}],"predecessor-version":[{"id":12658,"href":"https:\/\/www.freecorpus.fr\/pilates-gym-posturale\/wp-json\/wp\/v2\/pages\/12323\/revisions\/12658"}],"wp:attachment":[{"href":"https:\/\/www.freecorpus.fr\/pilates-gym-posturale\/wp-json\/wp\/v2\/media?parent=12323"}],"curies":[{"name":"wp","href":"https:\/\/api.w.org\/{rel}","templated":true}]}}