{"id":11763,"date":"2020-05-15T19:40:45","date_gmt":"2020-05-15T17:40:45","guid":{"rendered":"https:\/\/www.freecorpus.fr\/pilates-gym-posturale\/?page_id=11763"},"modified":"2020-05-21T10:23:50","modified_gmt":"2020-05-21T08:23:50","slug":"videos-youtube","status":"publish","type":"page","link":"https:\/\/www.freecorpus.fr\/pilates-gym-posturale\/videos-youtube\/","title":{"rendered":"Vid\u00e9os Youtube"},"content":{"rendered":"<p>[alert color=\u00a0\u00bbwhite\u00a0\u00bb] Cette page affiche les 6 derni\u00e8res vid\u00e9os mises en ligne. Retrouvez toutes les autres vid\u00e9os sur Youtube et n&rsquo;oubliez pas de vous abonner \u00e0 ma cha\u00eene !<\/p>\n<p><a href=\"https:\/\/www.youtube.com\/user\/FREECORPUS888\/videos\" target=\"_blank\" rel=\"noopener\"><img decoding=\"async\" class=\"wp-image-11507 size-full alignleft\" src=\"https:\/\/www.freecorpus.fr\/pilates-gym-posturale\/wp-content\/uploads\/2020\/02\/youtube-fleche.png\" alt=\"lien Youtube Free Corpus\" width=\"40\" height=\"29\" \/> Free Corpus sur Youtube<\/a>[\/alert]<\/p>\n<p>&nbsp;<\/p>\n<p>[fts_youtube vid_count=6 large_vid=yes large_vid_title=yes large_vid_description=yes thumbs_play_in_iframe=no vids_in_row=1 omit_first_thumbnail=no space_between_videos=1px force_columns=no maxres_thumbnail_images=no thumbs_wrap_color=#000 channel_id=UCbcbci8qlgZaQTTUGPFZVSw]<\/p>\n","protected":false},"excerpt":{"rendered":"<p>[alert color=\u00a0\u00bbwhite\u00a0\u00bb] Cette page affiche les 6 derni\u00e8res vid\u00e9os mises en ligne. Retrouvez toutes les autres vid\u00e9os sur Youtube et n&rsquo;oubliez pas de vous abonner \u00e0 ma cha\u00eene ! Free Corpus sur Youtube[\/alert] &nbsp; [fts_youtube vid_count=6 large_vid=yes large_vid_title=yes large_vid_description=yes thumbs_play_in_iframe=no vids_in_row=1 omit_first_thumbnail=no space_between_videos=1px force_columns=no maxres_thumbnail_images=no thumbs_wrap_color=#000 channel_id=UCbcbci8qlgZaQTTUGPFZVSw]<\/p>\n","protected":false},"author":13,"featured_media":0,"parent":0,"menu_order":0,"comment_status":"closed","ping_status":"closed","template":"","meta":{"_acf_changed":false,"footnotes":""},"class_list":["post-11763","page","type-page","status-publish","hentry"],"acf":[],"yoast_head":"<!-- This site is optimized with the Yoast SEO plugin v27.4 - https:\/\/yoast.com\/product\/yoast-seo-wordpress\/ -->\n<title>Vid\u00e9os Youtube - Pilates et Yoga \u00e0 Vincennes<\/title>\n<meta name=\"robots\" content=\"index, follow, max-snippet:-1, max-image-preview:large, max-video-preview:-1\" \/>\n<link rel=\"canonical\" href=\"https:\/\/www.freecorpus.fr\/pilates-gym-posturale\/videos-youtube\/\" \/>\n<meta property=\"og:locale\" content=\"fr_FR\" \/>\n<meta property=\"og:type\" content=\"article\" \/>\n<meta property=\"og:title\" content=\"Vid\u00e9os Youtube - Pilates et Yoga \u00e0 Vincennes\" \/>\n<meta property=\"og:description\" content=\"[alert color=\u00a0\u00bbwhite\u00a0\u00bb] Cette page affiche les 6 derni\u00e8res vid\u00e9os mises en ligne. Retrouvez toutes les autres vid\u00e9os sur Youtube et n&rsquo;oubliez pas de vous abonner \u00e0 ma cha\u00eene ! Free Corpus sur Youtube[\/alert] &nbsp; [fts_youtube vid_count=6 large_vid=yes large_vid_title=yes large_vid_description=yes thumbs_play_in_iframe=no vids_in_row=1 omit_first_thumbnail=no space_between_videos=1px force_columns=no maxres_thumbnail_images=no thumbs_wrap_color=#000 channel_id=UCbcbci8qlgZaQTTUGPFZVSw]\" \/>\n<meta property=\"og:url\" content=\"https:\/\/www.freecorpus.fr\/pilates-gym-posturale\/videos-youtube\/\" \/>\n<meta property=\"og:site_name\" content=\"Pilates et Yoga \u00e0 Vincennes\" \/>\n<meta property=\"article:modified_time\" content=\"2020-05-21T08:23:50+00:00\" \/>\n<meta property=\"og:image\" content=\"https:\/\/www.freecorpus.fr\/pilates-gym-posturale\/wp-content\/uploads\/2020\/02\/youtube-fleche.png\" \/>\n<meta name=\"twitter:card\" content=\"summary_large_image\" \/>\n<script type=\"application\/ld+json\" class=\"yoast-schema-graph\">{\"@context\":\"https:\\\/\\\/schema.org\",\"@graph\":[{\"@type\":\"WebPage\",\"@id\":\"https:\\\/\\\/www.freecorpus.fr\\\/pilates-gym-posturale\\\/videos-youtube\\\/\",\"url\":\"https:\\\/\\\/www.freecorpus.fr\\\/pilates-gym-posturale\\\/videos-youtube\\\/\",\"name\":\"Vid\u00e9os Youtube - Pilates et Yoga \u00e0 Vincennes\",\"isPartOf\":{\"@id\":\"https:\\\/\\\/www.freecorpus.fr\\\/pilates-gym-posturale\\\/#website\"},\"primaryImageOfPage\":{\"@id\":\"https:\\\/\\\/www.freecorpus.fr\\\/pilates-gym-posturale\\\/videos-youtube\\\/#primaryimage\"},\"image\":{\"@id\":\"https:\\\/\\\/www.freecorpus.fr\\\/pilates-gym-posturale\\\/videos-youtube\\\/#primaryimage\"},\"thumbnailUrl\":\"https:\\\/\\\/www.freecorpus.fr\\\/pilates-gym-posturale\\\/wp-content\\\/uploads\\\/2020\\\/02\\\/youtube-fleche.png\",\"datePublished\":\"2020-05-15T17:40:45+00:00\",\"dateModified\":\"2020-05-21T08:23:50+00:00\",\"breadcrumb\":{\"@id\":\"https:\\\/\\\/www.freecorpus.fr\\\/pilates-gym-posturale\\\/videos-youtube\\\/#breadcrumb\"},\"inLanguage\":\"fr-FR\",\"potentialAction\":[{\"@type\":\"ReadAction\",\"target\":[\"https:\\\/\\\/www.freecorpus.fr\\\/pilates-gym-posturale\\\/videos-youtube\\\/\"]}]},{\"@type\":\"ImageObject\",\"inLanguage\":\"fr-FR\",\"@id\":\"https:\\\/\\\/www.freecorpus.fr\\\/pilates-gym-posturale\\\/videos-youtube\\\/#primaryimage\",\"url\":\"https:\\\/\\\/www.freecorpus.fr\\\/pilates-gym-posturale\\\/wp-content\\\/uploads\\\/2020\\\/02\\\/youtube-fleche.png\",\"contentUrl\":\"https:\\\/\\\/www.freecorpus.fr\\\/pilates-gym-posturale\\\/wp-content\\\/uploads\\\/2020\\\/02\\\/youtube-fleche.png\",\"width\":40,\"height\":29},{\"@type\":\"BreadcrumbList\",\"@id\":\"https:\\\/\\\/www.freecorpus.fr\\\/pilates-gym-posturale\\\/videos-youtube\\\/#breadcrumb\",\"itemListElement\":[{\"@type\":\"ListItem\",\"position\":1,\"name\":\"Accueil\",\"item\":\"https:\\\/\\\/www.freecorpus.fr\\\/pilates-gym-posturale\\\/\"},{\"@type\":\"ListItem\",\"position\":2,\"name\":\"Vid\u00e9os Youtube\"}]},{\"@type\":\"WebSite\",\"@id\":\"https:\\\/\\\/www.freecorpus.fr\\\/pilates-gym-posturale\\\/#website\",\"url\":\"https:\\\/\\\/www.freecorpus.fr\\\/pilates-gym-posturale\\\/\",\"name\":\"Pilates et Yoga \u00e0 Vincennes\",\"description\":\"FreeCorpus Sur la voie du corps - Albane Dantras\",\"publisher\":{\"@id\":\"https:\\\/\\\/www.freecorpus.fr\\\/pilates-gym-posturale\\\/#organization\"},\"potentialAction\":[{\"@type\":\"SearchAction\",\"target\":{\"@type\":\"EntryPoint\",\"urlTemplate\":\"https:\\\/\\\/www.freecorpus.fr\\\/pilates-gym-posturale\\\/?s={search_term_string}\"},\"query-input\":{\"@type\":\"PropertyValueSpecification\",\"valueRequired\":true,\"valueName\":\"search_term_string\"}}],\"inLanguage\":\"fr-FR\"},{\"@type\":\"Organization\",\"@id\":\"https:\\\/\\\/www.freecorpus.fr\\\/pilates-gym-posturale\\\/#organization\",\"name\":\"Pilates et Yoga \u00e0 Vincennes\",\"url\":\"https:\\\/\\\/www.freecorpus.fr\\\/pilates-gym-posturale\\\/\",\"logo\":{\"@type\":\"ImageObject\",\"inLanguage\":\"fr-FR\",\"@id\":\"https:\\\/\\\/www.freecorpus.fr\\\/pilates-gym-posturale\\\/#\\\/schema\\\/logo\\\/image\\\/\",\"url\":\"https:\\\/\\\/www.freecorpus.fr\\\/pilates-gym-posturale\\\/wp-content\\\/uploads\\\/2022\\\/10\\\/LOGO_FREECORPUS-2022_06-1-removebg-preview.png\",\"contentUrl\":\"https:\\\/\\\/www.freecorpus.fr\\\/pilates-gym-posturale\\\/wp-content\\\/uploads\\\/2022\\\/10\\\/LOGO_FREECORPUS-2022_06-1-removebg-preview.png\",\"width\":249,\"height\":80,\"caption\":\"Pilates et Yoga \u00e0 Vincennes\"},\"image\":{\"@id\":\"https:\\\/\\\/www.freecorpus.fr\\\/pilates-gym-posturale\\\/#\\\/schema\\\/logo\\\/image\\\/\"}}]}<\/script>\n<!-- \/ Yoast SEO plugin. -->","yoast_head_json":{"title":"Vid\u00e9os Youtube - Pilates et Yoga \u00e0 Vincennes","robots":{"index":"index","follow":"follow","max-snippet":"max-snippet:-1","max-image-preview":"max-image-preview:large","max-video-preview":"max-video-preview:-1"},"canonical":"https:\/\/www.freecorpus.fr\/pilates-gym-posturale\/videos-youtube\/","og_locale":"fr_FR","og_type":"article","og_title":"Vid\u00e9os Youtube - Pilates et Yoga \u00e0 Vincennes","og_description":"[alert color=\u00a0\u00bbwhite\u00a0\u00bb] Cette page affiche les 6 derni\u00e8res vid\u00e9os mises en ligne. Retrouvez toutes les autres vid\u00e9os sur Youtube et n&rsquo;oubliez pas de vous abonner \u00e0 ma cha\u00eene ! Free Corpus sur Youtube[\/alert] &nbsp; [fts_youtube vid_count=6 large_vid=yes large_vid_title=yes large_vid_description=yes thumbs_play_in_iframe=no vids_in_row=1 omit_first_thumbnail=no space_between_videos=1px force_columns=no maxres_thumbnail_images=no thumbs_wrap_color=#000 channel_id=UCbcbci8qlgZaQTTUGPFZVSw]","og_url":"https:\/\/www.freecorpus.fr\/pilates-gym-posturale\/videos-youtube\/","og_site_name":"Pilates et Yoga \u00e0 Vincennes","article_modified_time":"2020-05-21T08:23:50+00:00","og_image":[{"url":"https:\/\/www.freecorpus.fr\/pilates-gym-posturale\/wp-content\/uploads\/2020\/02\/youtube-fleche.png","type":"","width":"","height":""}],"twitter_card":"summary_large_image","schema":{"@context":"https:\/\/schema.org","@graph":[{"@type":"WebPage","@id":"https:\/\/www.freecorpus.fr\/pilates-gym-posturale\/videos-youtube\/","url":"https:\/\/www.freecorpus.fr\/pilates-gym-posturale\/videos-youtube\/","name":"Vid\u00e9os Youtube - Pilates et Yoga \u00e0 Vincennes","isPartOf":{"@id":"https:\/\/www.freecorpus.fr\/pilates-gym-posturale\/#website"},"primaryImageOfPage":{"@id":"https:\/\/www.freecorpus.fr\/pilates-gym-posturale\/videos-youtube\/#primaryimage"},"image":{"@id":"https:\/\/www.freecorpus.fr\/pilates-gym-posturale\/videos-youtube\/#primaryimage"},"thumbnailUrl":"https:\/\/www.freecorpus.fr\/pilates-gym-posturale\/wp-content\/uploads\/2020\/02\/youtube-fleche.png","datePublished":"2020-05-15T17:40:45+00:00","dateModified":"2020-05-21T08:23:50+00:00","breadcrumb":{"@id":"https:\/\/www.freecorpus.fr\/pilates-gym-posturale\/videos-youtube\/#breadcrumb"},"inLanguage":"fr-FR","potentialAction":[{"@type":"ReadAction","target":["https:\/\/www.freecorpus.fr\/pilates-gym-posturale\/videos-youtube\/"]}]},{"@type":"ImageObject","inLanguage":"fr-FR","@id":"https:\/\/www.freecorpus.fr\/pilates-gym-posturale\/videos-youtube\/#primaryimage","url":"https:\/\/www.freecorpus.fr\/pilates-gym-posturale\/wp-content\/uploads\/2020\/02\/youtube-fleche.png","contentUrl":"https:\/\/www.freecorpus.fr\/pilates-gym-posturale\/wp-content\/uploads\/2020\/02\/youtube-fleche.png","width":40,"height":29},{"@type":"BreadcrumbList","@id":"https:\/\/www.freecorpus.fr\/pilates-gym-posturale\/videos-youtube\/#breadcrumb","itemListElement":[{"@type":"ListItem","position":1,"name":"Accueil","item":"https:\/\/www.freecorpus.fr\/pilates-gym-posturale\/"},{"@type":"ListItem","position":2,"name":"Vid\u00e9os Youtube"}]},{"@type":"WebSite","@id":"https:\/\/www.freecorpus.fr\/pilates-gym-posturale\/#website","url":"https:\/\/www.freecorpus.fr\/pilates-gym-posturale\/","name":"Pilates et Yoga \u00e0 Vincennes","description":"FreeCorpus Sur la voie du corps - Albane Dantras","publisher":{"@id":"https:\/\/www.freecorpus.fr\/pilates-gym-posturale\/#organization"},"potentialAction":[{"@type":"SearchAction","target":{"@type":"EntryPoint","urlTemplate":"https:\/\/www.freecorpus.fr\/pilates-gym-posturale\/?s={search_term_string}"},"query-input":{"@type":"PropertyValueSpecification","valueRequired":true,"valueName":"search_term_string"}}],"inLanguage":"fr-FR"},{"@type":"Organization","@id":"https:\/\/www.freecorpus.fr\/pilates-gym-posturale\/#organization","name":"Pilates et Yoga \u00e0 Vincennes","url":"https:\/\/www.freecorpus.fr\/pilates-gym-posturale\/","logo":{"@type":"ImageObject","inLanguage":"fr-FR","@id":"https:\/\/www.freecorpus.fr\/pilates-gym-posturale\/#\/schema\/logo\/image\/","url":"https:\/\/www.freecorpus.fr\/pilates-gym-posturale\/wp-content\/uploads\/2022\/10\/LOGO_FREECORPUS-2022_06-1-removebg-preview.png","contentUrl":"https:\/\/www.freecorpus.fr\/pilates-gym-posturale\/wp-content\/uploads\/2022\/10\/LOGO_FREECORPUS-2022_06-1-removebg-preview.png","width":249,"height":80,"caption":"Pilates et Yoga \u00e0 Vincennes"},"image":{"@id":"https:\/\/www.freecorpus.fr\/pilates-gym-posturale\/#\/schema\/logo\/image\/"}}]}},"_links":{"self":[{"href":"https:\/\/www.freecorpus.fr\/pilates-gym-posturale\/wp-json\/wp\/v2\/pages\/11763","targetHints":{"allow":["GET"]}}],"collection":[{"href":"https:\/\/www.freecorpus.fr\/pilates-gym-posturale\/wp-json\/wp\/v2\/pages"}],"about":[{"href":"https:\/\/www.freecorpus.fr\/pilates-gym-posturale\/wp-json\/wp\/v2\/types\/page"}],"author":[{"embeddable":true,"href":"https:\/\/www.freecorpus.fr\/pilates-gym-posturale\/wp-json\/wp\/v2\/users\/13"}],"replies":[{"embeddable":true,"href":"https:\/\/www.freecorpus.fr\/pilates-gym-posturale\/wp-json\/wp\/v2\/comments?post=11763"}],"version-history":[{"count":11,"href":"https:\/\/www.freecorpus.fr\/pilates-gym-posturale\/wp-json\/wp\/v2\/pages\/11763\/revisions"}],"predecessor-version":[{"id":11804,"href":"https:\/\/www.freecorpus.fr\/pilates-gym-posturale\/wp-json\/wp\/v2\/pages\/11763\/revisions\/11804"}],"wp:attachment":[{"href":"https:\/\/www.freecorpus.fr\/pilates-gym-posturale\/wp-json\/wp\/v2\/media?parent=11763"}],"curies":[{"name":"wp","href":"https:\/\/api.w.org\/{rel}","templated":true}]}}