{"id":10578,"date":"2018-07-31T14:59:16","date_gmt":"2018-07-31T12:59:16","guid":{"rendered":"https:\/\/www.freecorpus.fr\/pilates-gym-posturale\/?page_id=10578"},"modified":"2026-04-19T12:50:37","modified_gmt":"2026-04-19T10:50:37","slug":"planning-stages-vincennes-pilates-yoga-relaxation","status":"publish","type":"page","link":"https:\/\/www.freecorpus.fr\/pilates-gym-posturale\/planning-stages-vincennes-pilates-yoga-relaxation\/","title":{"rendered":"Agenda des stages"},"content":{"rendered":"\t\t<div data-elementor-type=\"wp-page\" data-elementor-id=\"10578\" class=\"elementor elementor-10578\" data-elementor-post-type=\"page\">\n\t\t\t\t<div class=\"elementor-element elementor-element-4af8e62 e-flex e-con-boxed e-con e-parent\" data-id=\"4af8e62\" data-element_type=\"container\" data-e-type=\"container\">\n\t\t\t\t\t<div class=\"e-con-inner\">\n\t\t\t\t<div class=\"elementor-element elementor-element-1a57cdd elementor-widget elementor-widget-spacer\" data-id=\"1a57cdd\" data-element_type=\"widget\" data-e-type=\"widget\" data-widget_type=\"spacer.default\">\n\t\t\t\t<div class=\"elementor-widget-container\">\n\t\t\t\t\t\t\t<div class=\"elementor-spacer\">\n\t\t\t<div class=\"elementor-spacer-inner\"><\/div>\n\t\t<\/div>\n\t\t\t\t\t\t<\/div>\n\t\t\t\t<\/div>\n\t\t\t\t<div class=\"elementor-element elementor-element-fed4245 elementor-widget elementor-widget-heading\" data-id=\"fed4245\" data-element_type=\"widget\" data-e-type=\"widget\" data-widget_type=\"heading.default\">\n\t\t\t\t<div class=\"elementor-widget-container\">\n\t\t\t\t\t<h1 class=\"elementor-heading-title elementor-size-default\">Agenda des stages<\/h1>\t\t\t\t<\/div>\n\t\t\t\t<\/div>\n\t\t\t\t<div class=\"elementor-element elementor-element-d145274 elementor-widget elementor-widget-text-editor\" data-id=\"d145274\" data-element_type=\"widget\" data-e-type=\"widget\" data-widget_type=\"text-editor.default\">\n\t\t\t\t<div class=\"elementor-widget-container\">\n\t\t\t\t\t\t\t\t\t<p>Tout l&rsquo;agenda, les inscriptions et votre parcours Free Corpus sont maintenant sur Deciplus.<\/p>\t\t\t\t\t\t\t\t<\/div>\n\t\t\t\t<\/div>\n\t\t\t\t<div class=\"elementor-element elementor-element-e367a3c elementor-widget-divider--view-line elementor-widget elementor-widget-divider\" data-id=\"e367a3c\" data-element_type=\"widget\" data-e-type=\"widget\" data-widget_type=\"divider.default\">\n\t\t\t\t<div class=\"elementor-widget-container\">\n\t\t\t\t\t\t\t<div class=\"elementor-divider\">\n\t\t\t<span class=\"elementor-divider-separator\">\n\t\t\t\t\t\t<\/span>\n\t\t<\/div>\n\t\t\t\t\t\t<\/div>\n\t\t\t\t<\/div>\n\t\t<div class=\"elementor-element elementor-element-1234d2b e-con-full e-flex e-con e-child\" data-id=\"1234d2b\" data-element_type=\"container\" data-e-type=\"container\">\n\t\t<div class=\"elementor-element elementor-element-030de26 e-con-full e-flex e-con e-child\" data-id=\"030de26\" data-element_type=\"container\" data-e-type=\"container\" data-settings=\"{&quot;background_background&quot;:&quot;classic&quot;}\">\n\t\t\t\t<\/div>\n\t\t<div class=\"elementor-element elementor-element-7c142eb e-con-full e-flex e-con e-child\" data-id=\"7c142eb\" data-element_type=\"container\" data-e-type=\"container\">\n\t\t\t\t<div class=\"elementor-element elementor-element-fe9c765 elementor-widget elementor-widget-heading\" data-id=\"fe9c765\" data-element_type=\"widget\" data-e-type=\"widget\" data-widget_type=\"heading.default\">\n\t\t\t\t<div class=\"elementor-widget-container\">\n\t\t\t\t\t<p class=\"elementor-heading-title elementor-size-default\">Comment acc\u00e9der \u00e0 l'agenda<\/p>\t\t\t\t<\/div>\n\t\t\t\t<\/div>\n\t\t\t\t<div class=\"elementor-element elementor-element-b4be584 elementor-widget elementor-widget-heading\" data-id=\"b4be584\" data-element_type=\"widget\" data-e-type=\"widget\" data-widget_type=\"heading.default\">\n\t\t\t\t<div class=\"elementor-widget-container\">\n\t\t\t\t\t<p class=\"elementor-heading-title elementor-size-default\">Acc\u00e9der aux programmes et stages en 3 \u00e9tapes<\/p>\t\t\t\t<\/div>\n\t\t\t\t<\/div>\n\t\t\t\t<div class=\"elementor-element elementor-element-40d9956 elementor-widget elementor-widget-text-editor\" data-id=\"40d9956\" data-element_type=\"widget\" data-e-type=\"widget\" data-widget_type=\"text-editor.default\">\n\t\t\t\t<div class=\"elementor-widget-container\">\n\t\t\t\t\t\t\t\t\t<p>Vous allez \u00eatre redirig\u00e9 vers Deciplus, notre plateforme partenaire. Elle h\u00e9berge l&rsquo;ensemble de nos stages, ateliers et programmes.<\/p>\t\t\t\t\t\t\t\t<\/div>\n\t\t\t\t<\/div>\n\t\t\t\t<div class=\"elementor-element elementor-element-591d108 elementor-widget-divider--view-line elementor-widget elementor-widget-divider\" data-id=\"591d108\" data-element_type=\"widget\" data-e-type=\"widget\" data-widget_type=\"divider.default\">\n\t\t\t\t<div class=\"elementor-widget-container\">\n\t\t\t\t\t\t\t<div class=\"elementor-divider\">\n\t\t\t<span class=\"elementor-divider-separator\">\n\t\t\t\t\t\t<\/span>\n\t\t<\/div>\n\t\t\t\t\t\t<\/div>\n\t\t\t\t<\/div>\n\t\t\t\t<div class=\"elementor-element elementor-element-24a67c8 elementor-view-framed elementor-position-inline-start elementor-shape-circle elementor-mobile-position-block-start elementor-widget elementor-widget-icon-box\" data-id=\"24a67c8\" data-element_type=\"widget\" data-e-type=\"widget\" data-widget_type=\"icon-box.default\">\n\t\t\t\t<div class=\"elementor-widget-container\">\n\t\t\t\t\t\t\t<div class=\"elementor-icon-box-wrapper\">\n\n\t\t\t\t\t\t<div class=\"elementor-icon-box-icon\">\n\t\t\t\t<span  class=\"elementor-icon\">\n\t\t\t\t<i aria-hidden=\"true\" class=\"fas fa-external-link-alt\"><\/i>\t\t\t\t<\/span>\n\t\t\t<\/div>\n\t\t\t\n\t\t\t\t\t\t<div class=\"elementor-icon-box-content\">\n\n\t\t\t\t\t\t\t\t\t<p class=\"elementor-icon-box-title\">\n\t\t\t\t\t\t<span  >\n\t\t\t\t\t\t\tRendez-vous sur Deciplus\t\t\t\t\t\t<\/span>\n\t\t\t\t\t<\/p>\n\t\t\t\t\n\t\t\t\t\t\t\t\t\t<p class=\"elementor-icon-box-description\">\n\t\t\t\t\t\tCliquez sur le bouton ci-dessous pour y acc\u00e9der directement.\t\t\t\t\t<\/p>\n\t\t\t\t\n\t\t\t<\/div>\n\t\t\t\n\t\t<\/div>\n\t\t\t\t\t\t<\/div>\n\t\t\t\t<\/div>\n\t\t\t\t<div class=\"elementor-element elementor-element-2acceae elementor-widget-divider--view-line elementor-widget elementor-widget-divider\" data-id=\"2acceae\" data-element_type=\"widget\" data-e-type=\"widget\" data-widget_type=\"divider.default\">\n\t\t\t\t<div class=\"elementor-widget-container\">\n\t\t\t\t\t\t\t<div class=\"elementor-divider\">\n\t\t\t<span class=\"elementor-divider-separator\">\n\t\t\t\t\t\t<\/span>\n\t\t<\/div>\n\t\t\t\t\t\t<\/div>\n\t\t\t\t<\/div>\n\t\t\t\t<div class=\"elementor-element elementor-element-54fe84a elementor-view-framed elementor-position-inline-start elementor-shape-circle elementor-mobile-position-block-start elementor-widget elementor-widget-icon-box\" data-id=\"54fe84a\" data-element_type=\"widget\" data-e-type=\"widget\" data-widget_type=\"icon-box.default\">\n\t\t\t\t<div class=\"elementor-widget-container\">\n\t\t\t\t\t\t\t<div class=\"elementor-icon-box-wrapper\">\n\n\t\t\t\t\t\t<div class=\"elementor-icon-box-icon\">\n\t\t\t\t<span  class=\"elementor-icon\">\n\t\t\t\t<i aria-hidden=\"true\" class=\"fas fa-external-link-alt\"><\/i>\t\t\t\t<\/span>\n\t\t\t<\/div>\n\t\t\t\n\t\t\t\t\t\t<div class=\"elementor-icon-box-content\">\n\n\t\t\t\t\t\t\t\t\t<p class=\"elementor-icon-box-title\">\n\t\t\t\t\t\t<span  >\n\t\t\t\t\t\t\tCr\u00e9ez un compte ou connectez-vous\t\t\t\t\t\t<\/span>\n\t\t\t\t\t<\/p>\n\t\t\t\t\n\t\t\t\t\t\t\t\t\t<p class=\"elementor-icon-box-description\">\n\t\t\t\t\t\tCela ne prend qu'une minute.\n\t\t\t\t\t<\/p>\n\t\t\t\t\n\t\t\t<\/div>\n\t\t\t\n\t\t<\/div>\n\t\t\t\t\t\t<\/div>\n\t\t\t\t<\/div>\n\t\t\t\t<div class=\"elementor-element elementor-element-4f64562 elementor-widget-divider--view-line elementor-widget elementor-widget-divider\" data-id=\"4f64562\" data-element_type=\"widget\" data-e-type=\"widget\" data-widget_type=\"divider.default\">\n\t\t\t\t<div class=\"elementor-widget-container\">\n\t\t\t\t\t\t\t<div class=\"elementor-divider\">\n\t\t\t<span class=\"elementor-divider-separator\">\n\t\t\t\t\t\t<\/span>\n\t\t<\/div>\n\t\t\t\t\t\t<\/div>\n\t\t\t\t<\/div>\n\t\t\t\t<div class=\"elementor-element elementor-element-8331fc7 elementor-view-framed elementor-position-inline-start elementor-shape-circle elementor-mobile-position-block-start elementor-widget elementor-widget-icon-box\" data-id=\"8331fc7\" data-element_type=\"widget\" data-e-type=\"widget\" data-widget_type=\"icon-box.default\">\n\t\t\t\t<div class=\"elementor-widget-container\">\n\t\t\t\t\t\t\t<div class=\"elementor-icon-box-wrapper\">\n\n\t\t\t\t\t\t<div class=\"elementor-icon-box-icon\">\n\t\t\t\t<span  class=\"elementor-icon\">\n\t\t\t\t<i aria-hidden=\"true\" class=\"fas fa-external-link-alt\"><\/i>\t\t\t\t<\/span>\n\t\t\t<\/div>\n\t\t\t\n\t\t\t\t\t\t<div class=\"elementor-icon-box-content\">\n\n\t\t\t\t\t\t\t\t\t<p class=\"elementor-icon-box-title\">\n\t\t\t\t\t\t<span  >\n\t\t\t\t\t\t\tParcourez l'agenda et r\u00e9servez\t\t\t\t\t\t<\/span>\n\t\t\t\t\t<\/p>\n\t\t\t\t\n\t\t\t\t\t\t\t\t\t<p class=\"elementor-icon-box-description\">\n\t\t\t\t\t\tStages, ateliers, programmes : tout est l\u00e0 et mis \u00e0 jour.\t\t\t\t\t<\/p>\n\t\t\t\t\n\t\t\t<\/div>\n\t\t\t\n\t\t<\/div>\n\t\t\t\t\t\t<\/div>\n\t\t\t\t<\/div>\n\t\t\t\t<div class=\"elementor-element elementor-element-6793b0f elementor-widget-divider--view-line elementor-widget elementor-widget-divider\" data-id=\"6793b0f\" data-element_type=\"widget\" data-e-type=\"widget\" data-widget_type=\"divider.default\">\n\t\t\t\t<div class=\"elementor-widget-container\">\n\t\t\t\t\t\t\t<div class=\"elementor-divider\">\n\t\t\t<span class=\"elementor-divider-separator\">\n\t\t\t\t\t\t<\/span>\n\t\t<\/div>\n\t\t\t\t\t\t<\/div>\n\t\t\t\t<\/div>\n\t\t\t\t<div class=\"elementor-element elementor-element-0508981 elementor-align-left elementor-widget elementor-widget-button\" data-id=\"0508981\" data-element_type=\"widget\" data-e-type=\"widget\" data-widget_type=\"button.default\">\n\t\t\t\t<div class=\"elementor-widget-container\">\n\t\t\t\t\t\t\t\t\t<div class=\"elementor-button-wrapper\">\n\t\t\t\t\t<a class=\"elementor-button elementor-button-link elementor-size-sm\" href=\"https:\/\/member-app.deciplus.pro\/free-corpus\/signUp?to=landing\">\n\t\t\t\t\t\t<span class=\"elementor-button-content-wrapper\">\n\t\t\t\t\t\t<span class=\"elementor-button-icon\">\n\t\t\t\t<i aria-hidden=\"true\" class=\"fas fa-long-arrow-alt-right\"><\/i>\t\t\t<\/span>\n\t\t\t\t\t\t\t\t\t<span class=\"elementor-button-text\">Acc\u00e9der  \u00e0 Deciplus<\/span>\n\t\t\t\t\t<\/span>\n\t\t\t\t\t<\/a>\n\t\t\t\t<\/div>\n\t\t\t\t\t\t\t\t<\/div>\n\t\t\t\t<\/div>\n\t\t\t\t<div class=\"elementor-element elementor-element-1e22e66 elementor-widget elementor-widget-text-editor\" data-id=\"1e22e66\" data-element_type=\"widget\" data-e-type=\"widget\" data-widget_type=\"text-editor.default\">\n\t\t\t\t<div class=\"elementor-widget-container\">\n\t\t\t\t\t\t\t\t\t<section class=\"var-section active\" data-variant=\"C\"><div class=\"varC container\"><div class=\"card\"><div class=\"card-body\"><span class=\"help\">Une question ?\u00a0<a href=\"https:\/\/www.freecorpus.fr\/pilates-gym-posturale\/contact-free-corpus\/\">Contactez-nous<\/a> &#8211; Nous vous r\u00e9pondrons dans le plus bref d\u00e9lai.<\/span><\/div><\/div><\/div><\/section>\t\t\t\t\t\t\t\t<\/div>\n\t\t\t\t<\/div>\n\t\t\t\t<\/div>\n\t\t\t\t<\/div>\n\t\t\t\t<div class=\"elementor-element elementor-element-06d0a11 elementor-hidden-desktop elementor-hidden-tablet elementor-hidden-mobile elementor-widget elementor-widget-heading\" data-id=\"06d0a11\" data-element_type=\"widget\" data-e-type=\"widget\" data-widget_type=\"heading.default\">\n\t\t\t\t<div class=\"elementor-widget-container\">\n\t\t\t\t\t<h3 class=\"elementor-heading-title elementor-size-default\">En exclusivit\u00e9 pour nos membres actif-ve-s de Free Corpus<\/h3>\t\t\t\t<\/div>\n\t\t\t\t<\/div>\n\t\t\t\t<div class=\"elementor-element elementor-element-b8ca08c elementor-hidden-desktop elementor-hidden-tablet elementor-hidden-mobile elementor-widget-divider--view-line elementor-widget elementor-widget-divider\" data-id=\"b8ca08c\" data-element_type=\"widget\" data-e-type=\"widget\" data-widget_type=\"divider.default\">\n\t\t\t\t<div class=\"elementor-widget-container\">\n\t\t\t\t\t\t\t<div class=\"elementor-divider\">\n\t\t\t<span class=\"elementor-divider-separator\">\n\t\t\t\t\t\t<\/span>\n\t\t<\/div>\n\t\t\t\t\t\t<\/div>\n\t\t\t\t<\/div>\n\t\t\t\t<div class=\"elementor-element elementor-element-312fa8d elementor-hidden-desktop elementor-hidden-tablet elementor-hidden-mobile elementor-widget elementor-widget-shortcode\" data-id=\"312fa8d\" data-element_type=\"widget\" data-e-type=\"widget\" data-widget_type=\"shortcode.default\">\n\t\t\t\t<div class=\"elementor-widget-container\">\n\t\t\t\t\t\t\t<div class=\"elementor-shortcode\">\t\t<div class=\"wcs-timetable__wrapper\">\n\t\t\t<div class=\"wcs-vue\" id=\"wcs-app-14\"><\/div>\n\t\t<\/div>\n\t\t<\/div>\n\t\t\t\t\t\t<\/div>\n\t\t\t\t<\/div>\n\t\t\t\t\t<\/div>\n\t\t\t\t<\/div>\n\t\t\t\t<\/div>\n\t\t","protected":false},"excerpt":{"rendered":"<p>Agenda des stages Tout l&rsquo;agenda, les inscriptions et votre parcours Free Corpus sont maintenant sur Deciplus. Comment acc\u00e9der \u00e0 l&rsquo;agenda Acc\u00e9der aux programmes et stages en 3 \u00e9tapes Vous allez \u00eatre redirig\u00e9 vers Deciplus, notre plateforme partenaire. Elle h\u00e9berge l&rsquo;ensemble de nos stages, ateliers et programmes. Rendez-vous sur Deciplus Cliquez sur le bouton ci-dessous pour [&hellip;]<\/p>\n","protected":false},"author":13,"featured_media":0,"parent":0,"menu_order":0,"comment_status":"closed","ping_status":"closed","template":"","meta":{"_acf_changed":false,"footnotes":""},"class_list":["post-10578","page","type-page","status-publish","hentry"],"acf":[],"yoast_head":"<!-- This site is optimized with the Yoast SEO plugin v27.4 - https:\/\/yoast.com\/product\/yoast-seo-wordpress\/ -->\n<title>Agenda des stages - Pilates et Yoga \u00e0 Vincennes<\/title>\n<meta name=\"robots\" content=\"index, follow, max-snippet:-1, max-image-preview:large, max-video-preview:-1\" \/>\n<link rel=\"canonical\" href=\"https:\/\/www.freecorpus.fr\/pilates-gym-posturale\/planning-stages-vincennes-pilates-yoga-relaxation\/\" \/>\n<meta property=\"og:locale\" content=\"fr_FR\" \/>\n<meta property=\"og:type\" content=\"article\" \/>\n<meta property=\"og:title\" content=\"Agenda des stages - Pilates et Yoga \u00e0 Vincennes\" \/>\n<meta property=\"og:description\" content=\"Agenda des stages Tout l&rsquo;agenda, les inscriptions et votre parcours Free Corpus sont maintenant sur Deciplus. Comment acc\u00e9der \u00e0 l&rsquo;agenda Acc\u00e9der aux programmes et stages en 3 \u00e9tapes Vous allez \u00eatre redirig\u00e9 vers Deciplus, notre plateforme partenaire. Elle h\u00e9berge l&rsquo;ensemble de nos stages, ateliers et programmes. Rendez-vous sur Deciplus Cliquez sur le bouton ci-dessous pour [&hellip;]\" \/>\n<meta property=\"og:url\" content=\"https:\/\/www.freecorpus.fr\/pilates-gym-posturale\/planning-stages-vincennes-pilates-yoga-relaxation\/\" \/>\n<meta property=\"og:site_name\" content=\"Pilates et Yoga \u00e0 Vincennes\" \/>\n<meta property=\"article:modified_time\" content=\"2026-04-19T10:50:37+00:00\" \/>\n<meta name=\"twitter:card\" content=\"summary_large_image\" \/>\n<meta name=\"twitter:label1\" content=\"Dur\u00e9e de lecture estim\u00e9e\" \/>\n\t<meta name=\"twitter:data1\" content=\"1 minute\" \/>\n<script type=\"application\/ld+json\" class=\"yoast-schema-graph\">{\"@context\":\"https:\\\/\\\/schema.org\",\"@graph\":[{\"@type\":\"WebPage\",\"@id\":\"https:\\\/\\\/www.freecorpus.fr\\\/pilates-gym-posturale\\\/planning-stages-vincennes-pilates-yoga-relaxation\\\/\",\"url\":\"https:\\\/\\\/www.freecorpus.fr\\\/pilates-gym-posturale\\\/planning-stages-vincennes-pilates-yoga-relaxation\\\/\",\"name\":\"Agenda des stages - Pilates et Yoga \u00e0 Vincennes\",\"isPartOf\":{\"@id\":\"https:\\\/\\\/www.freecorpus.fr\\\/pilates-gym-posturale\\\/#website\"},\"datePublished\":\"2018-07-31T12:59:16+00:00\",\"dateModified\":\"2026-04-19T10:50:37+00:00\",\"breadcrumb\":{\"@id\":\"https:\\\/\\\/www.freecorpus.fr\\\/pilates-gym-posturale\\\/planning-stages-vincennes-pilates-yoga-relaxation\\\/#breadcrumb\"},\"inLanguage\":\"fr-FR\",\"potentialAction\":[{\"@type\":\"ReadAction\",\"target\":[\"https:\\\/\\\/www.freecorpus.fr\\\/pilates-gym-posturale\\\/planning-stages-vincennes-pilates-yoga-relaxation\\\/\"]}]},{\"@type\":\"BreadcrumbList\",\"@id\":\"https:\\\/\\\/www.freecorpus.fr\\\/pilates-gym-posturale\\\/planning-stages-vincennes-pilates-yoga-relaxation\\\/#breadcrumb\",\"itemListElement\":[{\"@type\":\"ListItem\",\"position\":1,\"name\":\"Accueil\",\"item\":\"https:\\\/\\\/www.freecorpus.fr\\\/pilates-gym-posturale\\\/\"},{\"@type\":\"ListItem\",\"position\":2,\"name\":\"Agenda des stages\"}]},{\"@type\":\"WebSite\",\"@id\":\"https:\\\/\\\/www.freecorpus.fr\\\/pilates-gym-posturale\\\/#website\",\"url\":\"https:\\\/\\\/www.freecorpus.fr\\\/pilates-gym-posturale\\\/\",\"name\":\"Pilates et Yoga \u00e0 Vincennes\",\"description\":\"FreeCorpus Sur la voie du corps - Albane Dantras\",\"publisher\":{\"@id\":\"https:\\\/\\\/www.freecorpus.fr\\\/pilates-gym-posturale\\\/#organization\"},\"potentialAction\":[{\"@type\":\"SearchAction\",\"target\":{\"@type\":\"EntryPoint\",\"urlTemplate\":\"https:\\\/\\\/www.freecorpus.fr\\\/pilates-gym-posturale\\\/?s={search_term_string}\"},\"query-input\":{\"@type\":\"PropertyValueSpecification\",\"valueRequired\":true,\"valueName\":\"search_term_string\"}}],\"inLanguage\":\"fr-FR\"},{\"@type\":\"Organization\",\"@id\":\"https:\\\/\\\/www.freecorpus.fr\\\/pilates-gym-posturale\\\/#organization\",\"name\":\"Pilates et Yoga \u00e0 Vincennes\",\"url\":\"https:\\\/\\\/www.freecorpus.fr\\\/pilates-gym-posturale\\\/\",\"logo\":{\"@type\":\"ImageObject\",\"inLanguage\":\"fr-FR\",\"@id\":\"https:\\\/\\\/www.freecorpus.fr\\\/pilates-gym-posturale\\\/#\\\/schema\\\/logo\\\/image\\\/\",\"url\":\"https:\\\/\\\/www.freecorpus.fr\\\/pilates-gym-posturale\\\/wp-content\\\/uploads\\\/2022\\\/10\\\/LOGO_FREECORPUS-2022_06-1-removebg-preview.png\",\"contentUrl\":\"https:\\\/\\\/www.freecorpus.fr\\\/pilates-gym-posturale\\\/wp-content\\\/uploads\\\/2022\\\/10\\\/LOGO_FREECORPUS-2022_06-1-removebg-preview.png\",\"width\":249,\"height\":80,\"caption\":\"Pilates et Yoga \u00e0 Vincennes\"},\"image\":{\"@id\":\"https:\\\/\\\/www.freecorpus.fr\\\/pilates-gym-posturale\\\/#\\\/schema\\\/logo\\\/image\\\/\"}}]}<\/script>\n<!-- \/ Yoast SEO plugin. -->","yoast_head_json":{"title":"Agenda des stages - Pilates et Yoga \u00e0 Vincennes","robots":{"index":"index","follow":"follow","max-snippet":"max-snippet:-1","max-image-preview":"max-image-preview:large","max-video-preview":"max-video-preview:-1"},"canonical":"https:\/\/www.freecorpus.fr\/pilates-gym-posturale\/planning-stages-vincennes-pilates-yoga-relaxation\/","og_locale":"fr_FR","og_type":"article","og_title":"Agenda des stages - Pilates et Yoga \u00e0 Vincennes","og_description":"Agenda des stages Tout l&rsquo;agenda, les inscriptions et votre parcours Free Corpus sont maintenant sur Deciplus. Comment acc\u00e9der \u00e0 l&rsquo;agenda Acc\u00e9der aux programmes et stages en 3 \u00e9tapes Vous allez \u00eatre redirig\u00e9 vers Deciplus, notre plateforme partenaire. Elle h\u00e9berge l&rsquo;ensemble de nos stages, ateliers et programmes. Rendez-vous sur Deciplus Cliquez sur le bouton ci-dessous pour [&hellip;]","og_url":"https:\/\/www.freecorpus.fr\/pilates-gym-posturale\/planning-stages-vincennes-pilates-yoga-relaxation\/","og_site_name":"Pilates et Yoga \u00e0 Vincennes","article_modified_time":"2026-04-19T10:50:37+00:00","twitter_card":"summary_large_image","twitter_misc":{"Dur\u00e9e de lecture estim\u00e9e":"1 minute"},"schema":{"@context":"https:\/\/schema.org","@graph":[{"@type":"WebPage","@id":"https:\/\/www.freecorpus.fr\/pilates-gym-posturale\/planning-stages-vincennes-pilates-yoga-relaxation\/","url":"https:\/\/www.freecorpus.fr\/pilates-gym-posturale\/planning-stages-vincennes-pilates-yoga-relaxation\/","name":"Agenda des stages - Pilates et Yoga \u00e0 Vincennes","isPartOf":{"@id":"https:\/\/www.freecorpus.fr\/pilates-gym-posturale\/#website"},"datePublished":"2018-07-31T12:59:16+00:00","dateModified":"2026-04-19T10:50:37+00:00","breadcrumb":{"@id":"https:\/\/www.freecorpus.fr\/pilates-gym-posturale\/planning-stages-vincennes-pilates-yoga-relaxation\/#breadcrumb"},"inLanguage":"fr-FR","potentialAction":[{"@type":"ReadAction","target":["https:\/\/www.freecorpus.fr\/pilates-gym-posturale\/planning-stages-vincennes-pilates-yoga-relaxation\/"]}]},{"@type":"BreadcrumbList","@id":"https:\/\/www.freecorpus.fr\/pilates-gym-posturale\/planning-stages-vincennes-pilates-yoga-relaxation\/#breadcrumb","itemListElement":[{"@type":"ListItem","position":1,"name":"Accueil","item":"https:\/\/www.freecorpus.fr\/pilates-gym-posturale\/"},{"@type":"ListItem","position":2,"name":"Agenda des stages"}]},{"@type":"WebSite","@id":"https:\/\/www.freecorpus.fr\/pilates-gym-posturale\/#website","url":"https:\/\/www.freecorpus.fr\/pilates-gym-posturale\/","name":"Pilates et Yoga \u00e0 Vincennes","description":"FreeCorpus Sur la voie du corps - Albane Dantras","publisher":{"@id":"https:\/\/www.freecorpus.fr\/pilates-gym-posturale\/#organization"},"potentialAction":[{"@type":"SearchAction","target":{"@type":"EntryPoint","urlTemplate":"https:\/\/www.freecorpus.fr\/pilates-gym-posturale\/?s={search_term_string}"},"query-input":{"@type":"PropertyValueSpecification","valueRequired":true,"valueName":"search_term_string"}}],"inLanguage":"fr-FR"},{"@type":"Organization","@id":"https:\/\/www.freecorpus.fr\/pilates-gym-posturale\/#organization","name":"Pilates et Yoga \u00e0 Vincennes","url":"https:\/\/www.freecorpus.fr\/pilates-gym-posturale\/","logo":{"@type":"ImageObject","inLanguage":"fr-FR","@id":"https:\/\/www.freecorpus.fr\/pilates-gym-posturale\/#\/schema\/logo\/image\/","url":"https:\/\/www.freecorpus.fr\/pilates-gym-posturale\/wp-content\/uploads\/2022\/10\/LOGO_FREECORPUS-2022_06-1-removebg-preview.png","contentUrl":"https:\/\/www.freecorpus.fr\/pilates-gym-posturale\/wp-content\/uploads\/2022\/10\/LOGO_FREECORPUS-2022_06-1-removebg-preview.png","width":249,"height":80,"caption":"Pilates et Yoga \u00e0 Vincennes"},"image":{"@id":"https:\/\/www.freecorpus.fr\/pilates-gym-posturale\/#\/schema\/logo\/image\/"}}]}},"_links":{"self":[{"href":"https:\/\/www.freecorpus.fr\/pilates-gym-posturale\/wp-json\/wp\/v2\/pages\/10578","targetHints":{"allow":["GET"]}}],"collection":[{"href":"https:\/\/www.freecorpus.fr\/pilates-gym-posturale\/wp-json\/wp\/v2\/pages"}],"about":[{"href":"https:\/\/www.freecorpus.fr\/pilates-gym-posturale\/wp-json\/wp\/v2\/types\/page"}],"author":[{"embeddable":true,"href":"https:\/\/www.freecorpus.fr\/pilates-gym-posturale\/wp-json\/wp\/v2\/users\/13"}],"replies":[{"embeddable":true,"href":"https:\/\/www.freecorpus.fr\/pilates-gym-posturale\/wp-json\/wp\/v2\/comments?post=10578"}],"version-history":[{"count":10,"href":"https:\/\/www.freecorpus.fr\/pilates-gym-posturale\/wp-json\/wp\/v2\/pages\/10578\/revisions"}],"predecessor-version":[{"id":14917,"href":"https:\/\/www.freecorpus.fr\/pilates-gym-posturale\/wp-json\/wp\/v2\/pages\/10578\/revisions\/14917"}],"wp:attachment":[{"href":"https:\/\/www.freecorpus.fr\/pilates-gym-posturale\/wp-json\/wp\/v2\/media?parent=10578"}],"curies":[{"name":"wp","href":"https:\/\/api.w.org\/{rel}","templated":true}]}}